{"id":1440,"date":"2021-11-03T17:23:40","date_gmt":"2021-11-03T17:23:40","guid":{"rendered":"https:\/\/caritasandorra.projectes.biz\/?page_id=1440"},"modified":"2026-03-11T17:14:58","modified_gmt":"2026-03-11T16:14:58","slug":"colabora-2","status":"publish","type":"page","link":"https:\/\/caritas.ad\/es\/colabora-2\/","title":{"rendered":"Colabora"},"content":{"rendered":"<style>.kb-row-layout-id1440_f16053-12 > .kt-row-column-wrap{align-content:start;}:where(.kb-row-layout-id1440_f16053-12 > .kt-row-column-wrap) > .wp-block-kadence-column{justify-content:start;}.kb-row-layout-id1440_f16053-12 > .kt-row-column-wrap{column-gap:var(--global-kb-gap-md, 2rem);row-gap:var(--global-kb-gap-md, 2rem);max-width:1300px;margin-left:auto;margin-right:auto;padding-top:var(--global-kb-spacing-sm, 1.5rem);padding-bottom:var(--global-kb-spacing-sm, 1.5rem);grid-template-columns:minmax(0, 2fr) minmax(0, 1fr);}.kb-row-layout-id1440_f16053-12 > .kt-row-layout-overlay{opacity:0.30;}@media all and (max-width: 1024px){.kb-row-layout-id1440_f16053-12 > .kt-row-column-wrap{grid-template-columns:repeat(2, minmax(0, 1fr));}}@media all and (max-width: 767px){.kb-row-layout-id1440_f16053-12 > .kt-row-column-wrap{grid-template-columns:minmax(0, 1fr);}}<\/style><div class=\"kb-row-layout-wrap kb-row-layout-id1440_f16053-12 alignnone header_inside wp-block-kadence-rowlayout\"><div class=\"kt-row-column-wrap kt-has-2-columns kt-row-layout-left-golden kt-tab-layout-inherit kt-mobile-layout-row kt-row-valign-top\">\n<style>.kadence-column1440_e80e34-2f > .kt-inside-inner-col,.kadence-column1440_e80e34-2f > .kt-inside-inner-col:before{border-top-left-radius:0px;border-top-right-radius:0px;border-bottom-right-radius:0px;border-bottom-left-radius:0px;}.kadence-column1440_e80e34-2f > .kt-inside-inner-col{column-gap:var(--global-kb-gap-sm, 1rem);}.kadence-column1440_e80e34-2f > .kt-inside-inner-col{flex-direction:column;}.kadence-column1440_e80e34-2f > .kt-inside-inner-col > .aligncenter{width:100%;}.kadence-column1440_e80e34-2f > .kt-inside-inner-col:before{opacity:0.3;}.kadence-column1440_e80e34-2f{position:relative;}@media all and (max-width: 1024px){.kadence-column1440_e80e34-2f > .kt-inside-inner-col{flex-direction:column;}}@media all and (max-width: 767px){.kadence-column1440_e80e34-2f > .kt-inside-inner-col{flex-direction:column;}}<\/style>\n<div class=\"wp-block-kadence-column kadence-column1440_e80e34-2f inner-column-1 animated fadeInUp slow\"><div class=\"kt-inside-inner-col\">\n<div style=\"height:32px\" aria-hidden=\"true\" class=\"wp-block-spacer\"><\/div>\n\n\n\n<h1 class=\"wp-block-heading\">Colabora<\/h1>\n\n\n\n<p>El compromiso de C\u00e0ritas Andorrana consiste en realizar una acci\u00f3n social global con un impacto local. La entidad ayuda y acompa\u00f1a a las personas que se encuentran en situaciones complejas y trabaja por su desarrollo integral.<\/p>\n<\/div><\/div>\n\n\n<style>.kadence-column1440_204bc4-0e > .kt-inside-inner-col,.kadence-column1440_204bc4-0e > .kt-inside-inner-col:before{border-top-left-radius:0px;border-top-right-radius:0px;border-bottom-right-radius:0px;border-bottom-left-radius:0px;}.kadence-column1440_204bc4-0e > .kt-inside-inner-col{column-gap:var(--global-kb-gap-sm, 1rem);}.kadence-column1440_204bc4-0e > .kt-inside-inner-col{flex-direction:column;}.kadence-column1440_204bc4-0e > .kt-inside-inner-col > .aligncenter{width:100%;}.kadence-column1440_204bc4-0e > .kt-inside-inner-col:before{opacity:0.3;}.kadence-column1440_204bc4-0e{position:relative;}@media all and (max-width: 1024px){.kadence-column1440_204bc4-0e > .kt-inside-inner-col{flex-direction:column;}}@media all and (max-width: 767px){.kadence-column1440_204bc4-0e > .kt-inside-inner-col{flex-direction:column;}}<\/style>\n<div class=\"wp-block-kadence-column kadence-column1440_204bc4-0e inner-column-2 animated fadeIn slow\"><div class=\"kt-inside-inner-col\"><div class=\"wp-block-image\">\n<figure class=\"alignright size-large\"><img decoding=\"async\" loading=\"lazy\" width=\"1024\" height=\"1024\" src=\"https:\/\/caritas.ad\/wp-content\/uploads\/2026\/03\/AF_CARITAS-COR_Gris-1024x1024.jpg\" alt=\"\" class=\"wp-image-4216\" srcset=\"https:\/\/caritas.ad\/wp-content\/uploads\/2026\/03\/AF_CARITAS-COR_Gris-1024x1024.jpg 1024w, https:\/\/caritas.ad\/wp-content\/uploads\/2026\/03\/AF_CARITAS-COR_Gris-300x300.jpg 300w, https:\/\/caritas.ad\/wp-content\/uploads\/2026\/03\/AF_CARITAS-COR_Gris-150x150.jpg 150w, https:\/\/caritas.ad\/wp-content\/uploads\/2026\/03\/AF_CARITAS-COR_Gris-768x768.jpg 768w, https:\/\/caritas.ad\/wp-content\/uploads\/2026\/03\/AF_CARITAS-COR_Gris-600x600.jpg 600w, https:\/\/caritas.ad\/wp-content\/uploads\/2026\/03\/AF_CARITAS-COR_Gris-1200x1200.jpg 1200w, https:\/\/caritas.ad\/wp-content\/uploads\/2026\/03\/AF_CARITAS-COR_Gris-1400x1400.jpg 1400w, https:\/\/caritas.ad\/wp-content\/uploads\/2026\/03\/AF_CARITAS-COR_Gris-100x100.jpg 100w, https:\/\/caritas.ad\/wp-content\/uploads\/2026\/03\/AF_CARITAS-COR_Gris.jpg 1512w\" sizes=\"(max-width: 1024px) 100vw, 1024px\" \/><\/figure><\/div><\/div><\/div>\n\n<\/div><\/div>\n\n<style>.kb-row-layout-id1440_7079ad-1f > .kt-row-column-wrap{align-content:start;}:where(.kb-row-layout-id1440_7079ad-1f > .kt-row-column-wrap) > .wp-block-kadence-column{justify-content:start;}.kb-row-layout-id1440_7079ad-1f > .kt-row-column-wrap{column-gap:var(--global-kb-gap-md, 2rem);row-gap:var(--global-kb-gap-md, 2rem);max-width:900px;margin-left:auto;margin-right:auto;padding-top:0px;padding-bottom:25px;grid-template-columns:minmax(0, 1fr);}.kb-row-layout-id1440_7079ad-1f{background-image:url('https:\/\/caritas.ad\/wp-content\/uploads\/2021\/03\/manos_corazon.png');background-size:contain;background-position:52% 1%;background-attachment:scroll;background-repeat:no-repeat;}.kb-row-layout-id1440_7079ad-1f > .kt-row-layout-overlay{opacity:0.00;}@media all and (max-width: 1024px){.kb-row-layout-id1440_7079ad-1f > .kt-row-column-wrap{grid-template-columns:minmax(0, 1fr);}}@media all and (max-width: 767px){.kb-row-layout-id1440_7079ad-1f > .kt-row-column-wrap{grid-template-columns:minmax(0, 1fr);}}<\/style><div class=\"kb-row-layout-wrap kb-row-layout-id1440_7079ad-1f alignnone kt-row-has-bg wp-block-kadence-rowlayout\"><div class=\"kt-row-column-wrap kt-has-1-columns kt-row-layout-equal kt-tab-layout-inherit kt-mobile-layout-row kt-row-valign-top\">\n<style>.kadence-column1440_31e255-f6 > .kt-inside-inner-col,.kadence-column1440_31e255-f6 > .kt-inside-inner-col:before{border-top-left-radius:0px;border-top-right-radius:0px;border-bottom-right-radius:0px;border-bottom-left-radius:0px;}.kadence-column1440_31e255-f6 > .kt-inside-inner-col{column-gap:var(--global-kb-gap-sm, 1rem);}.kadence-column1440_31e255-f6 > .kt-inside-inner-col{flex-direction:column;}.kadence-column1440_31e255-f6 > .kt-inside-inner-col > .aligncenter{width:100%;}.kadence-column1440_31e255-f6 > .kt-inside-inner-col:before{opacity:0.3;}.kadence-column1440_31e255-f6{position:relative;}@media all and (max-width: 1024px){.kadence-column1440_31e255-f6 > .kt-inside-inner-col{flex-direction:column;}}@media all and (max-width: 767px){.kadence-column1440_31e255-f6 > .kt-inside-inner-col{flex-direction:column;}}<\/style>\n<div class=\"wp-block-kadence-column kadence-column1440_31e255-f6 inner-column-1\"><div class=\"kt-inside-inner-col\">\n<div style=\"height:242px\" aria-hidden=\"true\" class=\"wp-block-spacer\"><\/div>\n\n\n<style>.kb-row-layout-id1440_a6c55d-e4 > .kt-row-column-wrap{align-content:start;}:where(.kb-row-layout-id1440_a6c55d-e4 > .kt-row-column-wrap) > .wp-block-kadence-column{justify-content:start;}.kb-row-layout-id1440_a6c55d-e4 > .kt-row-column-wrap{column-gap:var(--global-kb-gap-sm, 1rem);row-gap:var(--global-kb-gap-md, 2rem);max-width:1075px;margin-left:auto;margin-right:auto;padding-top:25px;padding-bottom:0px;grid-template-columns:minmax(0, calc(33.3% - ((var(--global-kb-gap-sm, 1rem) * 2 )\/3))) minmax(0, calc(33.4% - ((var(--global-kb-gap-sm, 1rem) * 2 )\/3))) minmax(0, calc(33.3% - ((var(--global-kb-gap-sm, 1rem) * 2 )\/3)));}.kb-row-layout-id1440_a6c55d-e4 > .kt-row-layout-overlay{opacity:0.30;}@media all and (max-width: 1024px){.kb-row-layout-id1440_a6c55d-e4 > .kt-row-column-wrap{grid-template-columns:repeat(3, minmax(0, 1fr));}}@media all and (max-width: 767px){.kb-row-layout-id1440_a6c55d-e4 > .kt-row-column-wrap{grid-template-columns:minmax(0, 1fr);}}<\/style><div class=\"kb-row-layout-wrap kb-row-layout-id1440_a6c55d-e4 alignnone block_grey wp-block-kadence-rowlayout\"><div class=\"kt-row-column-wrap kt-has-3-columns kt-row-layout-equal kt-tab-layout-inherit kt-mobile-layout-row kt-row-valign-top\">\n<style>.kadence-column1440_ac7f9e-b4 > .kt-inside-inner-col,.kadence-column1440_ac7f9e-b4 > .kt-inside-inner-col:before{border-top-left-radius:0px;border-top-right-radius:0px;border-bottom-right-radius:0px;border-bottom-left-radius:0px;}.kadence-column1440_ac7f9e-b4 > .kt-inside-inner-col{column-gap:var(--global-kb-gap-sm, 1rem);}.kadence-column1440_ac7f9e-b4 > .kt-inside-inner-col{flex-direction:column;}.kadence-column1440_ac7f9e-b4 > .kt-inside-inner-col > .aligncenter{width:100%;}.kadence-column1440_ac7f9e-b4 > .kt-inside-inner-col:before{opacity:0.3;}.kadence-column1440_ac7f9e-b4{position:relative;}@media all and (max-width: 1024px){.kadence-column1440_ac7f9e-b4 > .kt-inside-inner-col{flex-direction:column;}}@media all and (max-width: 767px){.kadence-column1440_ac7f9e-b4 > .kt-inside-inner-col{flex-direction:column;}}<\/style>\n<div class=\"wp-block-kadence-column kadence-column1440_ac7f9e-b4 inner-column-1\"><div class=\"kt-inside-inner-col\">\n<div class=\"wp-block-cover is-light block_grey_section_title animated fadeIn slow\"><span aria-hidden=\"true\" class=\"wp-block-cover__background has-background-dim-100 has-background-dim\" style=\"background-color:#e8e6e6\"><\/span><div class=\"wp-block-cover__inner-container is-layout-flow wp-block-cover-is-layout-flow\">\n<h2 class=\"wp-block-heading has-text-align-right\">Colabora con<br>C\u00e0ritas<\/h2>\n<\/div><\/div>\n<\/div><\/div>\n\n\n<style>.kadence-column1440_ec5a29-3a > .kt-inside-inner-col,.kadence-column1440_ec5a29-3a > .kt-inside-inner-col:before{border-top-left-radius:0px;border-top-right-radius:0px;border-bottom-right-radius:0px;border-bottom-left-radius:0px;}.kadence-column1440_ec5a29-3a > .kt-inside-inner-col{column-gap:var(--global-kb-gap-sm, 1rem);}.kadence-column1440_ec5a29-3a > .kt-inside-inner-col{flex-direction:column;}.kadence-column1440_ec5a29-3a > .kt-inside-inner-col > .aligncenter{width:100%;}.kadence-column1440_ec5a29-3a > .kt-inside-inner-col:before{opacity:0.3;}.kadence-column1440_ec5a29-3a{position:relative;}@media all and (max-width: 1024px){.kadence-column1440_ec5a29-3a > .kt-inside-inner-col{flex-direction:column;}}@media all and (max-width: 767px){.kadence-column1440_ec5a29-3a > .kt-inside-inner-col{flex-direction:column;}}<\/style>\n<div class=\"wp-block-kadence-column kadence-column1440_ec5a29-3a inner-column-2\"><div class=\"kt-inside-inner-col\">\n<div class=\"wp-block-cover is-light block_grey_section animated fadeIn delay-500ms slow ek-linked-block\"><span aria-hidden=\"true\" class=\"wp-block-cover__background has-background-dim-100 has-background-dim\" style=\"background-color:#e8e6e6\"><\/span><div class=\"wp-block-cover__inner-container is-layout-flow wp-block-cover-is-layout-flow\">\n<h3 class=\"wp-block-heading has-text-align-center\">Donaciones<\/h3>\n\n\n\n<p class=\"has-text-align-center\">Las donaciones abren la puerta a solidarizarnos con las personas en situaci\u00f3n de necesidad<\/p>\n\n\n<div class=\"wp-block-image link_plus\">\n<figure class=\"aligncenter size-full\"><img decoding=\"async\" src=\"https:\/\/caritas.ad\/wp-content\/uploads\/2021\/03\/button_plus.svg\" alt=\"m\u00e9s informaci\u00f3\" class=\"wp-image-57\"\/><\/figure><\/div><\/div><a href=\"https:\/\/caritas.ad\/es\/colabora\/\" class=\"editorskit-block-link\" rel=\"\"><\/a><\/div>\n<\/div><\/div>\n\n\n<style>.kadence-column1440_6f577d-31 > .kt-inside-inner-col,.kadence-column1440_6f577d-31 > .kt-inside-inner-col:before{border-top-left-radius:0px;border-top-right-radius:0px;border-bottom-right-radius:0px;border-bottom-left-radius:0px;}.kadence-column1440_6f577d-31 > .kt-inside-inner-col{column-gap:var(--global-kb-gap-sm, 1rem);}.kadence-column1440_6f577d-31 > .kt-inside-inner-col{flex-direction:column;}.kadence-column1440_6f577d-31 > .kt-inside-inner-col > .aligncenter{width:100%;}.kadence-column1440_6f577d-31 > .kt-inside-inner-col:before{opacity:0.3;}.kadence-column1440_6f577d-31{position:relative;}@media all and (max-width: 1024px){.kadence-column1440_6f577d-31 > .kt-inside-inner-col{flex-direction:column;}}@media all and (max-width: 767px){.kadence-column1440_6f577d-31 > .kt-inside-inner-col{flex-direction:column;}}<\/style>\n<div class=\"wp-block-kadence-column kadence-column1440_6f577d-31 inner-column-3\"><div class=\"kt-inside-inner-col\">\n<div class=\"wp-block-cover is-light block_grey_section animated fadeIn delay-1s slow ek-linked-block\"><span aria-hidden=\"true\" class=\"wp-block-cover__background has-background-dim-100 has-background-dim\" style=\"background-color:#e8e6e6\"><\/span><div class=\"wp-block-cover__inner-container is-layout-flow wp-block-cover-is-layout-flow\">\n<h3 class=\"wp-block-heading has-text-align-center\">Voluntariado<\/h3>\n\n\n\n<p class=\"has-text-align-center\">La fuerza y el car\u00e1cter de C\u00e1ritas provienen en gran medida del compromiso y de las personas que forman parte.<\/p>\n\n\n<div class=\"wp-block-image link_plus\">\n<figure class=\"aligncenter size-full\"><img decoding=\"async\" src=\"https:\/\/caritas.ad\/wp-content\/uploads\/2021\/03\/button_plus.svg\" alt=\"m\u00e9s informaci\u00f3\" class=\"wp-image-57\"\/><\/figure><\/div><\/div><a href=\"https:\/\/caritas.ad\/es\/voluntariado\/\" class=\"editorskit-block-link\" rel=\"\"><\/a><\/div>\n<\/div><\/div>\n\n<\/div><\/div><\/div><\/div>\n\n<\/div><\/div>\n\n\n<div style=\"height:100px\" aria-hidden=\"true\" class=\"wp-block-spacer\"><\/div>\n","protected":false},"excerpt":{"rendered":"<p>Colabora El compromiso de C\u00e0ritas Andorrana consiste en realizar una acci\u00f3n social global con un impacto local. La entidad ayuda y acompa\u00f1a a las personas que se encuentran en situaciones complejas y trabaja por su desarrollo integral.<\/p>\n","protected":false},"author":1,"featured_media":0,"parent":0,"menu_order":19,"comment_status":"closed","ping_status":"closed","template":"templates\/template-builder.php","meta":{"_editorskit_title_hidden":false,"_editorskit_reading_time":1,"_editorskit_is_block_options_detached":false,"_editorskit_block_options_position":"{}","inline_featured_image":false,"footnotes":""},"featured_image_src":null,"featured_image_src_square":null,"_links":{"self":[{"href":"https:\/\/caritas.ad\/es\/wp-json\/wp\/v2\/pages\/1440"}],"collection":[{"href":"https:\/\/caritas.ad\/es\/wp-json\/wp\/v2\/pages"}],"about":[{"href":"https:\/\/caritas.ad\/es\/wp-json\/wp\/v2\/types\/page"}],"author":[{"embeddable":true,"href":"https:\/\/caritas.ad\/es\/wp-json\/wp\/v2\/users\/1"}],"replies":[{"embeddable":true,"href":"https:\/\/caritas.ad\/es\/wp-json\/wp\/v2\/comments?post=1440"}],"version-history":[{"count":6,"href":"https:\/\/caritas.ad\/es\/wp-json\/wp\/v2\/pages\/1440\/revisions"}],"predecessor-version":[{"id":4346,"href":"https:\/\/caritas.ad\/es\/wp-json\/wp\/v2\/pages\/1440\/revisions\/4346"}],"wp:attachment":[{"href":"https:\/\/caritas.ad\/es\/wp-json\/wp\/v2\/media?parent=1440"}],"curies":[{"name":"wp","href":"https:\/\/api.w.org\/{rel}","templated":true}]}}