{"id":2984,"date":"2023-09-20T10:15:38","date_gmt":"2023-09-20T10:15:38","guid":{"rendered":"https:\/\/caritas.ad\/?page_id=2984"},"modified":"2026-03-11T17:24:25","modified_gmt":"2026-03-11T16:24:25","slug":"testamentos","status":"publish","type":"page","link":"https:\/\/caritas.ad\/es\/testamentos\/","title":{"rendered":"Testamentos"},"content":{"rendered":"<style>.kb-row-layout-wrap.wp-block-kadence-rowlayout.kb-row-layout-id2984_d22dd7-17{margin-bottom:0px;}.kb-row-layout-id2984_d22dd7-17 > .kt-row-column-wrap{align-content:start;}:where(.kb-row-layout-id2984_d22dd7-17 > .kt-row-column-wrap) > .wp-block-kadence-column{justify-content:start;}.kb-row-layout-id2984_d22dd7-17 > .kt-row-column-wrap{column-gap:var(--global-kb-gap-md, 2rem);row-gap:var(--global-kb-gap-md, 2rem);max-width:1300px;margin-left:auto;margin-right:auto;padding-top:25px;padding-bottom:0px;grid-template-columns:minmax(0, 2fr) minmax(0, 1fr);}.kb-row-layout-id2984_d22dd7-17 > .kt-row-layout-overlay{opacity:0.30;}@media all and (max-width: 1024px){.kb-row-layout-id2984_d22dd7-17 > .kt-row-column-wrap{grid-template-columns:repeat(2, minmax(0, 1fr));}}@media all and (max-width: 767px){.kb-row-layout-id2984_d22dd7-17 > .kt-row-column-wrap{grid-template-columns:minmax(0, 1fr);}}<\/style><div class=\"kb-row-layout-wrap kb-row-layout-id2984_d22dd7-17 alignnone header_inside wp-block-kadence-rowlayout\"><div class=\"kt-row-column-wrap kt-has-2-columns kt-row-layout-left-golden kt-tab-layout-inherit kt-mobile-layout-row kt-row-valign-top\">\n<style>.kadence-column2984_659237-dd > .kt-inside-inner-col,.kadence-column2984_659237-dd > .kt-inside-inner-col:before{border-top-left-radius:0px;border-top-right-radius:0px;border-bottom-right-radius:0px;border-bottom-left-radius:0px;}.kadence-column2984_659237-dd > .kt-inside-inner-col{column-gap:var(--global-kb-gap-sm, 1rem);}.kadence-column2984_659237-dd > .kt-inside-inner-col{flex-direction:column;}.kadence-column2984_659237-dd > .kt-inside-inner-col > .aligncenter{width:100%;}.kadence-column2984_659237-dd > .kt-inside-inner-col:before{opacity:0.3;}.kadence-column2984_659237-dd{position:relative;}@media all and (max-width: 1024px){.kadence-column2984_659237-dd > .kt-inside-inner-col{flex-direction:column;}}@media all and (max-width: 767px){.kadence-column2984_659237-dd > .kt-inside-inner-col{flex-direction:column;}}<\/style>\n<div class=\"wp-block-kadence-column kadence-column2984_659237-dd inner-column-1 animated fadeInUp slow\"><div class=\"kt-inside-inner-col\">\n<p class=\"page_parent\"><a href=\"https:\/\/caritas.ad\/es\/colabora\/\" class=\"ek-link\">Colabora<\/a> <\/p>\n\n\n\n<p class=\"has-vivid-red-color has-text-color\"><\/p>\n\n\n\n<h3 class=\"wp-block-heading\">HERENCIAS Y LEGADOS <\/h3>\n\n\n\n<p class=\"has-vivid-red-color has-text-color\"><strong><em>\u00abLa solidaritad est\u00e1 en ti\u00bb<\/em><\/strong><\/p>\n\n\n\n<p>Cada vez son m\u00e1s las personas que deciden prolongar su <strong>compromiso solidario con la erradicaci\u00f3n de la pobreza y la exclusi\u00f3n<\/strong>, as\u00ed como promover el desarrollo de las personas, especialmente de las m\u00e1s pobres de la sociedad.<\/p>\n\n\n\n<p>Hacer testamento es la forma de asegurarte que, cuando tu faltes, tus bienes se distribuir\u00e1n de acuerdo a tu voluntad. Adem\u00e1s de dejar tu herencia a tus seres queridos tambi\u00e9n puedes hacer que sea solidaria. Incluyendo a C\u00e0ritas Andorrana en tu testamento, ayudas a construir un mundo m\u00e1s solidario.<\/p>\n\n\n\n<p><strong>Con tu decisi\u00f3n de hoy ayudar\u00e1s a apoyar a aquellos que m\u00e1s lo necesitan en el futuro.<\/strong><\/p>\n\n\n\n<div class=\"wp-block-cover is-light gb-block-cta\" style=\"padding-top:2%;min-height:165px\"><span aria-hidden=\"true\" class=\"wp-block-cover__background has-background-dim-100 has-background-dim\" style=\"background-color:#f2f2f2\"><\/span><div class=\"wp-block-cover__inner-container is-layout-flow wp-block-cover-is-layout-flow\">\n<p class=\"has-text-align-center\" style=\"line-height:1\">Si quieres saber c\u00f3mo incluir a C\u00e0ritas Andorrana en tu testamento contacta con nosotros<\/p>\n\n\n\n<div class=\"wp-block-buttons is-content-justification-center is-layout-flex wp-container-1 wp-block-buttons-is-layout-flex\">\n<div class=\"wp-block-button has-custom-font-size gb-block-button\" style=\"font-size:20px;line-height:1.2\"><a class=\"wp-block-button__link has-vivid-red-background-color has-text-color has-background wp-element-button\" href=\"https:\/\/caritas.ad\/wp-content\/uploads\/2021\/04\/Herencies-folleto-ampli__compressed.pdf\" style=\"border-radius:5px;color:#ffffff;padding-top:10px;padding-right:1em;padding-bottom:10px;padding-left:1em\"><strong>LA SOLIDARIDAD EST\u00c1 EN TI<\/strong><\/a><\/div>\n<\/div>\n<\/div><\/div>\n<\/div><\/div>\n\n\n<style>.kadence-column2984_c0cfcf-a8 > .kt-inside-inner-col,.kadence-column2984_c0cfcf-a8 > .kt-inside-inner-col:before{border-top-left-radius:0px;border-top-right-radius:0px;border-bottom-right-radius:0px;border-bottom-left-radius:0px;}.kadence-column2984_c0cfcf-a8 > .kt-inside-inner-col{column-gap:var(--global-kb-gap-sm, 1rem);}.kadence-column2984_c0cfcf-a8 > .kt-inside-inner-col{flex-direction:column;}.kadence-column2984_c0cfcf-a8 > .kt-inside-inner-col > .aligncenter{width:100%;}.kadence-column2984_c0cfcf-a8 > .kt-inside-inner-col:before{opacity:0.3;}.kadence-column2984_c0cfcf-a8{position:relative;}@media all and (max-width: 1024px){.kadence-column2984_c0cfcf-a8 > .kt-inside-inner-col{flex-direction:column;}}@media all and (max-width: 767px){.kadence-column2984_c0cfcf-a8 > .kt-inside-inner-col{flex-direction:column;}}<\/style>\n<div class=\"wp-block-kadence-column kadence-column2984_c0cfcf-a8 inner-column-2 animated fadeIn slow\"><div class=\"kt-inside-inner-col\"><div class=\"wp-block-image\">\n<figure class=\"alignright size-large editorskit-no-mobile\"><img decoding=\"async\" loading=\"lazy\" width=\"1024\" height=\"1024\" src=\"https:\/\/caritas.ad\/wp-content\/uploads\/2026\/03\/AF_CARITAS-COR_Gris-1024x1024.jpg\" alt=\"\" class=\"wp-image-4216\" srcset=\"https:\/\/caritas.ad\/wp-content\/uploads\/2026\/03\/AF_CARITAS-COR_Gris-1024x1024.jpg 1024w, https:\/\/caritas.ad\/wp-content\/uploads\/2026\/03\/AF_CARITAS-COR_Gris-300x300.jpg 300w, https:\/\/caritas.ad\/wp-content\/uploads\/2026\/03\/AF_CARITAS-COR_Gris-150x150.jpg 150w, https:\/\/caritas.ad\/wp-content\/uploads\/2026\/03\/AF_CARITAS-COR_Gris-768x768.jpg 768w, https:\/\/caritas.ad\/wp-content\/uploads\/2026\/03\/AF_CARITAS-COR_Gris-600x600.jpg 600w, https:\/\/caritas.ad\/wp-content\/uploads\/2026\/03\/AF_CARITAS-COR_Gris-1200x1200.jpg 1200w, https:\/\/caritas.ad\/wp-content\/uploads\/2026\/03\/AF_CARITAS-COR_Gris-1400x1400.jpg 1400w, https:\/\/caritas.ad\/wp-content\/uploads\/2026\/03\/AF_CARITAS-COR_Gris-100x100.jpg 100w, https:\/\/caritas.ad\/wp-content\/uploads\/2026\/03\/AF_CARITAS-COR_Gris.jpg 1512w\" sizes=\"(max-width: 1024px) 100vw, 1024px\" \/><\/figure><\/div><\/div><\/div>\n\n<\/div><\/div>","protected":false},"excerpt":{"rendered":"<p>Colabora HERENCIAS Y LEGADOS \u00abLa solidaritad est\u00e1 en ti\u00bb Cada vez son m\u00e1s las personas que deciden prolongar su compromiso solidario con la erradicaci\u00f3n de la pobreza y la exclusi\u00f3n, as\u00ed como promover el desarrollo de las personas, especialmente de las m\u00e1s pobres de la sociedad. Hacer testamento es la forma de asegurarte que, cuando &hellip;<\/p>\n","protected":false},"author":4,"featured_media":0,"parent":0,"menu_order":20,"comment_status":"closed","ping_status":"closed","template":"templates\/template-builder.php","meta":{"_editorskit_title_hidden":false,"_editorskit_reading_time":1,"_editorskit_is_block_options_detached":false,"_editorskit_block_options_position":"{}","inline_featured_image":false,"footnotes":""},"featured_image_src":null,"featured_image_src_square":null,"_links":{"self":[{"href":"https:\/\/caritas.ad\/es\/wp-json\/wp\/v2\/pages\/2984"}],"collection":[{"href":"https:\/\/caritas.ad\/es\/wp-json\/wp\/v2\/pages"}],"about":[{"href":"https:\/\/caritas.ad\/es\/wp-json\/wp\/v2\/types\/page"}],"author":[{"embeddable":true,"href":"https:\/\/caritas.ad\/es\/wp-json\/wp\/v2\/users\/4"}],"replies":[{"embeddable":true,"href":"https:\/\/caritas.ad\/es\/wp-json\/wp\/v2\/comments?post=2984"}],"version-history":[{"count":20,"href":"https:\/\/caritas.ad\/es\/wp-json\/wp\/v2\/pages\/2984\/revisions"}],"predecessor-version":[{"id":4350,"href":"https:\/\/caritas.ad\/es\/wp-json\/wp\/v2\/pages\/2984\/revisions\/4350"}],"wp:attachment":[{"href":"https:\/\/caritas.ad\/es\/wp-json\/wp\/v2\/media?parent=2984"}],"curies":[{"name":"wp","href":"https:\/\/api.w.org\/{rel}","templated":true}]}}