{"id":3613,"date":"2025-05-09T16:21:34","date_gmt":"2025-05-09T14:21:34","guid":{"rendered":"https:\/\/caritas.ad\/?page_id=3613"},"modified":"2026-03-11T16:43:10","modified_gmt":"2026-03-11T15:43:10","slug":"reforc-escolar","status":"publish","type":"page","link":"https:\/\/caritas.ad\/es\/reforc-escolar\/","title":{"rendered":"Refuerzo escolar"},"content":{"rendered":"<style>.kb-row-layout-id3613_daaf29-aa > .kt-row-column-wrap{align-content:start;}:where(.kb-row-layout-id3613_daaf29-aa > .kt-row-column-wrap) > .wp-block-kadence-column{justify-content:start;}.kb-row-layout-id3613_daaf29-aa > .kt-row-column-wrap{column-gap:var(--global-kb-gap-md, 2rem);row-gap:var(--global-kb-gap-md, 2rem);max-width:1300px;margin-left:auto;margin-right:auto;padding-top:var(--global-kb-spacing-sm, 1.5rem);padding-bottom:var(--global-kb-spacing-sm, 1.5rem);grid-template-columns:minmax(0, 2fr) minmax(0, 1fr);}.kb-row-layout-id3613_daaf29-aa > .kt-row-layout-overlay{opacity:0.30;}@media all and (max-width: 1024px){.kb-row-layout-id3613_daaf29-aa > .kt-row-column-wrap{grid-template-columns:repeat(2, minmax(0, 1fr));}}@media all and (max-width: 767px){.kb-row-layout-id3613_daaf29-aa > .kt-row-column-wrap{grid-template-columns:minmax(0, 1fr);}}<\/style><div class=\"kb-row-layout-wrap kb-row-layout-id3613_daaf29-aa alignnone header_inside wp-block-kadence-rowlayout\"><div class=\"kt-row-column-wrap kt-has-2-columns kt-row-layout-left-golden kt-tab-layout-inherit kt-mobile-layout-row kt-row-valign-top\">\n<style>.kadence-column3613_9024d9-dd > .kt-inside-inner-col,.kadence-column3613_9024d9-dd > .kt-inside-inner-col:before{border-top-left-radius:0px;border-top-right-radius:0px;border-bottom-right-radius:0px;border-bottom-left-radius:0px;}.kadence-column3613_9024d9-dd > .kt-inside-inner-col{column-gap:var(--global-kb-gap-sm, 1rem);}.kadence-column3613_9024d9-dd > .kt-inside-inner-col{flex-direction:column;}.kadence-column3613_9024d9-dd > .kt-inside-inner-col > .aligncenter{width:100%;}.kadence-column3613_9024d9-dd > .kt-inside-inner-col:before{opacity:0.3;}.kadence-column3613_9024d9-dd{position:relative;}@media all and (max-width: 1024px){.kadence-column3613_9024d9-dd > .kt-inside-inner-col{flex-direction:column;}}@media all and (max-width: 767px){.kadence-column3613_9024d9-dd > .kt-inside-inner-col{flex-direction:column;}}<\/style>\n<div class=\"wp-block-kadence-column kadence-column3613_9024d9-dd inner-column-1 animated fadeInUp slow\"><div class=\"kt-inside-inner-col\">\n<p class=\"page_parent\"><a href=\"https:\/\/caritas.ad\/es\/accion-social\/\" class=\"ek-link\">Qu\u00e9 hacemos<\/a> \/ <a href=\"https:\/\/caritas.ad\/es\/acogida\/\" class=\"ek-link\">Acogida<\/a><\/p>\n\n\n\n<h1 class=\"wp-block-heading\">REFUERZO ESCOLAR<\/h1>\n\n\n\n<p><strong>Fomentar el acceso a la educaci\u00f3n y a la formaci\u00f3n en igualdad de oportunidades para ni\u00f1os y j\u00f3venes de Andorra.<\/strong><\/p>\n\n\n\n<p>El programa de Refuerzo escolar tiene como objetivo fomentar el acceso a la educaci\u00f3n y a la formaci\u00f3n en igualdad de oportunidades para ni\u00f1os y j\u00f3venes fuera del espacio de la educaci\u00f3n formal.<\/p>\n\n\n\n<p>Est\u00e1 dirigido a aquellas familias que se encuentran en una situaci\u00f3n de dificultat o de riesgo de vulnerabilidad en Andorra y quieren promover las capacidades y potencialidades de sus hijos, a trav\u00e9s de actividades de refuerzo escolar, de la pr\u00e1ctica deportiva o de actividades l\u00fadicas que fomenten su crecimiento personal, humano o su sociabilidad. <\/p>\n<\/div><\/div>\n\n\n<style>.kadence-column3613_ed203c-70 > .kt-inside-inner-col,.kadence-column3613_ed203c-70 > .kt-inside-inner-col:before{border-top-left-radius:0px;border-top-right-radius:0px;border-bottom-right-radius:0px;border-bottom-left-radius:0px;}.kadence-column3613_ed203c-70 > .kt-inside-inner-col{column-gap:var(--global-kb-gap-sm, 1rem);}.kadence-column3613_ed203c-70 > .kt-inside-inner-col{flex-direction:column;}.kadence-column3613_ed203c-70 > .kt-inside-inner-col > .aligncenter{width:100%;}.kadence-column3613_ed203c-70 > .kt-inside-inner-col:before{opacity:0.3;}.kadence-column3613_ed203c-70{position:relative;}@media all and (max-width: 1024px){.kadence-column3613_ed203c-70 > .kt-inside-inner-col{flex-direction:column;}}@media all and (max-width: 767px){.kadence-column3613_ed203c-70 > .kt-inside-inner-col{flex-direction:column;}}<\/style>\n<div class=\"wp-block-kadence-column kadence-column3613_ed203c-70 inner-column-2 animated fadeIn slow\"><div class=\"kt-inside-inner-col\"><div class=\"wp-block-image\">\n<figure class=\"alignright size-large\"><img decoding=\"async\" loading=\"lazy\" width=\"1024\" height=\"1024\" src=\"https:\/\/caritas.ad\/wp-content\/uploads\/2026\/03\/AF_CARITAS-COR_Gris-1024x1024.jpg\" alt=\"\" class=\"wp-image-4216\" srcset=\"https:\/\/caritas.ad\/wp-content\/uploads\/2026\/03\/AF_CARITAS-COR_Gris-1024x1024.jpg 1024w, https:\/\/caritas.ad\/wp-content\/uploads\/2026\/03\/AF_CARITAS-COR_Gris-300x300.jpg 300w, https:\/\/caritas.ad\/wp-content\/uploads\/2026\/03\/AF_CARITAS-COR_Gris-150x150.jpg 150w, https:\/\/caritas.ad\/wp-content\/uploads\/2026\/03\/AF_CARITAS-COR_Gris-768x768.jpg 768w, https:\/\/caritas.ad\/wp-content\/uploads\/2026\/03\/AF_CARITAS-COR_Gris-600x600.jpg 600w, https:\/\/caritas.ad\/wp-content\/uploads\/2026\/03\/AF_CARITAS-COR_Gris-1200x1200.jpg 1200w, https:\/\/caritas.ad\/wp-content\/uploads\/2026\/03\/AF_CARITAS-COR_Gris-1400x1400.jpg 1400w, https:\/\/caritas.ad\/wp-content\/uploads\/2026\/03\/AF_CARITAS-COR_Gris-100x100.jpg 100w, https:\/\/caritas.ad\/wp-content\/uploads\/2026\/03\/AF_CARITAS-COR_Gris.jpg 1512w\" sizes=\"(max-width: 1024px) 100vw, 1024px\" \/><\/figure><\/div><\/div><\/div>\n\n<\/div><\/div>\n\n<style>.kb-row-layout-id3613_5ccd2d-7e > .kt-row-column-wrap{align-content:center;}:where(.kb-row-layout-id3613_5ccd2d-7e > .kt-row-column-wrap) > .wp-block-kadence-column{justify-content:center;}.kb-row-layout-id3613_5ccd2d-7e > .kt-row-column-wrap{column-gap:var(--global-kb-gap-md, 2rem);row-gap:var(--global-kb-gap-md, 2rem);max-width:1300px;margin-left:auto;margin-right:auto;padding-top:var(--global-kb-spacing-sm, 1.5rem);padding-bottom:var(--global-kb-spacing-sm, 1.5rem);grid-template-columns:minmax(0, 1fr);}.kb-row-layout-id3613_5ccd2d-7e > .kt-row-layout-overlay{opacity:0.30;}@media all and (max-width: 1024px){.kb-row-layout-id3613_5ccd2d-7e > .kt-row-column-wrap{grid-template-columns:minmax(0, 1fr);}}@media all and (max-width: 767px){.kb-row-layout-id3613_5ccd2d-7e > .kt-row-column-wrap{grid-template-columns:minmax(0, 1fr);}}<\/style><div class=\"kb-row-layout-wrap kb-row-layout-id3613_5ccd2d-7e alignnone wp-block-kadence-rowlayout\"><div class=\"kt-row-column-wrap kt-has-1-columns kt-row-layout-equal kt-tab-layout-inherit kt-mobile-layout-row kt-row-valign-middle\">\n<style>.kadence-column3613_ece9f5-73 > .kt-inside-inner-col,.kadence-column3613_ece9f5-73 > .kt-inside-inner-col:before{border-top-left-radius:0px;border-top-right-radius:0px;border-bottom-right-radius:0px;border-bottom-left-radius:0px;}.kadence-column3613_ece9f5-73 > .kt-inside-inner-col{column-gap:var(--global-kb-gap-sm, 1rem);}.kadence-column3613_ece9f5-73 > .kt-inside-inner-col{flex-direction:column;}.kadence-column3613_ece9f5-73 > .kt-inside-inner-col > .aligncenter{width:100%;}.kadence-column3613_ece9f5-73 > .kt-inside-inner-col:before{opacity:0.3;}.kadence-column3613_ece9f5-73{position:relative;}@media all and (max-width: 1024px){.kadence-column3613_ece9f5-73 > .kt-inside-inner-col{flex-direction:column;}}@media all and (max-width: 767px){.kadence-column3613_ece9f5-73 > .kt-inside-inner-col{flex-direction:column;}}<\/style>\n<div class=\"wp-block-kadence-column kadence-column3613_ece9f5-73 inner-column-1\"><div class=\"kt-inside-inner-col\">\n<div class=\"wp-block-cover alignwide has-custom-content-position is-position-center-left destacat_01 kt-row-valign-middle\"><span aria-hidden=\"true\" class=\"wp-block-cover__background has-background-dim-0 has-background-dim\"><\/span><img decoding=\"async\" loading=\"lazy\" width=\"2560\" height=\"1435\" class=\"wp-block-cover__image-background wp-image-3598\" alt=\"\" src=\"https:\/\/caritas.ad\/wp-content\/uploads\/2025\/05\/Reforc-escolar-2-scaled.jpg\" data-object-fit=\"cover\" srcset=\"https:\/\/caritas.ad\/wp-content\/uploads\/2025\/05\/Reforc-escolar-2-scaled.jpg 2560w, https:\/\/caritas.ad\/wp-content\/uploads\/2025\/05\/Reforc-escolar-2-300x168.jpg 300w, https:\/\/caritas.ad\/wp-content\/uploads\/2025\/05\/Reforc-escolar-2-1024x574.jpg 1024w, https:\/\/caritas.ad\/wp-content\/uploads\/2025\/05\/Reforc-escolar-2-768x430.jpg 768w, https:\/\/caritas.ad\/wp-content\/uploads\/2025\/05\/Reforc-escolar-2-1536x861.jpg 1536w, https:\/\/caritas.ad\/wp-content\/uploads\/2025\/05\/Reforc-escolar-2-2048x1148.jpg 2048w, https:\/\/caritas.ad\/wp-content\/uploads\/2025\/05\/Reforc-escolar-2-1200x673.jpg 1200w, https:\/\/caritas.ad\/wp-content\/uploads\/2025\/05\/Reforc-escolar-2-1400x785.jpg 1400w, https:\/\/caritas.ad\/wp-content\/uploads\/2025\/05\/Reforc-escolar-2-600x336.jpg 600w\" sizes=\"(max-width: 2560px) 100vw, 2560px\" \/><div class=\"wp-block-cover__inner-container is-layout-flow wp-block-cover-is-layout-flow\">\n<p class=\"has-text-align-center has-large-font-size\"><em>\u201cCada ni\u00f1o tiene un potencial \u00fanico. En C\u00e0ritas Andorrana trabajamos para que todos tengan las mismas oportunidades.\u00bb<\/em><\/p>\n<\/div><\/div>\n<\/div><\/div>\n\n<\/div><\/div>\n\n<style>.kb-row-layout-id3613_608715-f3 > .kt-row-column-wrap{align-content:start;}:where(.kb-row-layout-id3613_608715-f3 > .kt-row-column-wrap) > .wp-block-kadence-column{justify-content:start;}.kb-row-layout-id3613_608715-f3 > .kt-row-column-wrap{column-gap:var(--global-kb-gap-md, 2rem);row-gap:var(--global-kb-gap-md, 2rem);padding-top:60px;padding-bottom:25px;grid-template-columns:minmax(0, calc(40% - ((var(--global-kb-gap-md, 2rem) * 1 )\/2))) minmax(0, calc(60% - ((var(--global-kb-gap-md, 2rem) * 1 )\/2)));}.kb-row-layout-id3613_608715-f3 > .kt-row-layout-overlay{opacity:0.30;}@media all and (max-width: 1024px){.kb-row-layout-id3613_608715-f3 > .kt-row-column-wrap{grid-template-columns:repeat(2, minmax(0, 1fr));}}@media all and (max-width: 767px){.kb-row-layout-id3613_608715-f3 > .kt-row-column-wrap{grid-template-columns:minmax(0, 1fr);}}<\/style><div class=\"kb-row-layout-wrap kb-row-layout-id3613_608715-f3 alignnone wp-block-kadence-rowlayout\"><div class=\"kt-row-column-wrap kt-has-2-columns kt-row-layout-equal kt-tab-layout-inherit kt-mobile-layout-row kt-row-valign-top\">\n<style>.kadence-column3613_6ec3f6-d1 > .kt-inside-inner-col,.kadence-column3613_6ec3f6-d1 > .kt-inside-inner-col:before{border-top-left-radius:0px;border-top-right-radius:0px;border-bottom-right-radius:0px;border-bottom-left-radius:0px;}.kadence-column3613_6ec3f6-d1 > .kt-inside-inner-col{column-gap:var(--global-kb-gap-sm, 1rem);}.kadence-column3613_6ec3f6-d1 > .kt-inside-inner-col{flex-direction:column;}.kadence-column3613_6ec3f6-d1 > .kt-inside-inner-col > .aligncenter{width:100%;}.kadence-column3613_6ec3f6-d1 > .kt-inside-inner-col:before{opacity:0.3;}.kadence-column3613_6ec3f6-d1{position:relative;}@media all and (max-width: 1024px){.kadence-column3613_6ec3f6-d1 > .kt-inside-inner-col{flex-direction:column;}}@media all and (max-width: 767px){.kadence-column3613_6ec3f6-d1 > .kt-inside-inner-col{flex-direction:column;}}<\/style>\n<div class=\"wp-block-kadence-column kadence-column3613_6ec3f6-d1 inner-column-1 animated fadeInUp slow\"><div class=\"kt-inside-inner-col\">\n<h2 class=\"wp-block-heading\">\u00bfNecesitas ayuda?<\/h2>\n\n\n\n<p>Si tienes alguna pregunta o necesitas ayuda, no dudes en ponerte en contacto con C\u00e0ritas Andorrana. <\/p>\n<\/div><\/div>\n\n\n<style>.kadence-column3613_93b07e-e3 > .kt-inside-inner-col,.kadence-column3613_93b07e-e3 > .kt-inside-inner-col:before{border-top-left-radius:0px;border-top-right-radius:0px;border-bottom-right-radius:0px;border-bottom-left-radius:0px;}.kadence-column3613_93b07e-e3 > .kt-inside-inner-col{column-gap:var(--global-kb-gap-sm, 1rem);}.kadence-column3613_93b07e-e3 > .kt-inside-inner-col{flex-direction:column;}.kadence-column3613_93b07e-e3 > .kt-inside-inner-col > .aligncenter{width:100%;}.kadence-column3613_93b07e-e3 > .kt-inside-inner-col:before{opacity:0.3;}.kadence-column3613_93b07e-e3{position:relative;}@media all and (max-width: 1024px){.kadence-column3613_93b07e-e3 > .kt-inside-inner-col{flex-direction:column;}}@media all and (max-width: 767px){.kadence-column3613_93b07e-e3 > .kt-inside-inner-col{flex-direction:column;}}<\/style>\n<div class=\"wp-block-kadence-column kadence-column3613_93b07e-e3 inner-column-2 border_left\"><div class=\"kt-inside-inner-col\">\n<div class=\"wpcf7 no-js\" id=\"wpcf7-f887-o1\" lang=\"es-ES\" dir=\"ltr\">\n<div class=\"screen-reader-response\"><p role=\"status\" aria-live=\"polite\" aria-atomic=\"true\"><\/p> <ul><\/ul><\/div>\n<form action=\"\/es\/wp-json\/wp\/v2\/pages\/3613#wpcf7-f887-o1\" method=\"post\" class=\"wpcf7-form init\" aria-label=\"Formulario de contacto\" novalidate=\"novalidate\" data-status=\"init\">\n<div style=\"display: none;\">\n<input type=\"hidden\" name=\"_wpcf7\" value=\"887\" \/>\n<input type=\"hidden\" name=\"_wpcf7_version\" value=\"5.9.3\" \/>\n<input type=\"hidden\" name=\"_wpcf7_locale\" value=\"es_ES\" \/>\n<input type=\"hidden\" name=\"_wpcf7_unit_tag\" value=\"wpcf7-f887-o1\" \/>\n<input type=\"hidden\" name=\"_wpcf7_container_post\" value=\"0\" \/>\n<input type=\"hidden\" name=\"_wpcf7_posted_data_hash\" value=\"\" \/>\n<input type=\"hidden\" name=\"_wpcf7_recaptcha_response\" value=\"\" \/>\n<\/div>\n<p>\t\t<div id=\"cf7md-form\" class=\"cf7md-form\">\n\t\t\t<div class=\"mdc-layout-grid\">\n\t\t\t\t<div class=\"mdc-layout-grid__inner\">\n\t\t\t\t\t\t\t\t\t\t\n<\/p>\n<p class=\"form_title\">Datos generales\n<\/p>\n\t\t\n\t\t<div class=\"cf7md-item cf7md-text mdc-layout-grid__cell mdc-layout-grid__cell--span-12-desktop mdc-layout-grid__cell--span-8-tablet mdc-layout-grid__cell--span-4-phone\">\n\t\t\t<br \/>\n<span class=\"wpcf7-form-control-wrap\" data-name=\"nom\"><input size=\"40\" class=\"wpcf7-form-control wpcf7-text wpcf7-validates-as-required\" aria-required=\"true\" aria-invalid=\"false\" value=\"\" type=\"text\" name=\"nom\" \/><\/span><br \/>\n\t\t\t\t\t\t<div style=\"display: none;\" class=\"cf7md-text-html\">\n\t\t\t\t<div class=\"mdc-text-field \">\n\t\t\t\t\t\n\t\t\t\t\t\t\t\t\t\t\t<label class=\"mdc-floating-label\">Nombre y Apellidos<\/label>\n\t\t\t\t\t\t<div class=\"mdc-line-ripple\"><\/div>\n\t\t\t\t\t\t\t\t\t<\/div>\n\t\t\t<\/div>\n\t\t<\/div>\n\t\t\n\t\t\n\t\t<div class=\"cf7md-item cf7md-text mdc-layout-grid__cell mdc-layout-grid__cell--span-6-desktop mdc-layout-grid__cell--span-4-tablet mdc-layout-grid__cell--span-4-phone\">\n\t\t\t<br \/>\n<span class=\"wpcf7-form-control-wrap\" data-name=\"tel-804\"><input size=\"40\" class=\"wpcf7-form-control wpcf7-tel wpcf7-validates-as-required wpcf7-text wpcf7-validates-as-tel\" aria-required=\"true\" aria-invalid=\"false\" value=\"\" type=\"tel\" name=\"tel-804\" \/><\/span><br \/>\n\t\t\t\t\t\t<div style=\"display: none;\" class=\"cf7md-text-html\">\n\t\t\t\t<div class=\"mdc-text-field \">\n\t\t\t\t\t\n\t\t\t\t\t\t\t\t\t\t\t<label class=\"mdc-floating-label\">Tel\u00e9fono de contacto<\/label>\n\t\t\t\t\t\t<div class=\"mdc-line-ripple\"><\/div>\n\t\t\t\t\t\t\t\t\t<\/div>\n\t\t\t<\/div>\n\t\t<\/div>\n\t\t\n\t\t\n\t\t<div class=\"cf7md-item cf7md-text mdc-layout-grid__cell mdc-layout-grid__cell--span-6-desktop mdc-layout-grid__cell--span-4-tablet mdc-layout-grid__cell--span-4-phone\">\n\t\t\t<br \/>\n<span class=\"wpcf7-form-control-wrap\" data-name=\"your-email\"><input size=\"40\" class=\"wpcf7-form-control wpcf7-email wpcf7-validates-as-required wpcf7-text wpcf7-validates-as-email\" aria-required=\"true\" aria-invalid=\"false\" value=\"\" type=\"email\" name=\"your-email\" \/><\/span><br \/>\n\t\t\t\t\t\t<div style=\"display: none;\" class=\"cf7md-text-html\">\n\t\t\t\t<div class=\"mdc-text-field \">\n\t\t\t\t\t\n\t\t\t\t\t\t\t\t\t\t\t<label class=\"mdc-floating-label\">Tu email<\/label>\n\t\t\t\t\t\t<div class=\"mdc-line-ripple\"><\/div>\n\t\t\t\t\t\t\t\t\t<\/div>\n\t\t\t<\/div>\n\t\t<\/div>\n\t\t\n\t\t\n\t\t<div class=\"cf7md-item cf7md-text mdc-layout-grid__cell mdc-layout-grid__cell--span-12-desktop mdc-layout-grid__cell--span-8-tablet mdc-layout-grid__cell--span-4-phone\">\n\t\t\t<br \/>\n<span class=\"wpcf7-form-control-wrap\" data-name=\"Adreca\"><input size=\"40\" class=\"wpcf7-form-control wpcf7-text\" aria-invalid=\"false\" value=\"\" type=\"text\" name=\"Adreca\" \/><\/span><br \/>\n\t\t\t\t\t\t<div style=\"display: none;\" class=\"cf7md-text-html\">\n\t\t\t\t<div class=\"mdc-text-field \">\n\t\t\t\t\t\n\t\t\t\t\t\t\t\t\t\t\t<label class=\"mdc-floating-label\">Direcci\u00f3n<\/label>\n\t\t\t\t\t\t<div class=\"mdc-line-ripple\"><\/div>\n\t\t\t\t\t\t\t\t\t<\/div>\n\t\t\t<\/div>\n\t\t<\/div>\n\t\t\n\t\t\n\t\t<div class=\"cf7md-item cf7md-text mdc-layout-grid__cell mdc-layout-grid__cell--span-8-desktop mdc-layout-grid__cell--span-4-tablet mdc-layout-grid__cell--span-4-phone\">\n\t\t\t<br \/>\n<span class=\"wpcf7-form-control-wrap\" data-name=\"poblacio\"><input size=\"40\" class=\"wpcf7-form-control wpcf7-text\" aria-invalid=\"false\" value=\"\" type=\"text\" name=\"poblacio\" \/><\/span><br \/>\n\t\t\t\t\t\t<div style=\"display: none;\" class=\"cf7md-text-html\">\n\t\t\t\t<div class=\"mdc-text-field \">\n\t\t\t\t\t\n\t\t\t\t\t\t\t\t\t\t\t<label class=\"mdc-floating-label\">Poblaci\u00f3n<\/label>\n\t\t\t\t\t\t<div class=\"mdc-line-ripple\"><\/div>\n\t\t\t\t\t\t\t\t\t<\/div>\n\t\t\t<\/div>\n\t\t<\/div>\n\t\t\n\t\t\n\t\t<div class=\"cf7md-item cf7md-text mdc-layout-grid__cell mdc-layout-grid__cell--span-4-desktop mdc-layout-grid__cell--span-4-tablet mdc-layout-grid__cell--span-4-phone\">\n\t\t\t<br \/>\n<span class=\"wpcf7-form-control-wrap\" data-name=\"cp\"><input class=\"wpcf7-form-control wpcf7-number wpcf7-validates-as-number\" aria-invalid=\"false\" value=\"\" type=\"number\" name=\"cp\" \/><\/span><br \/>\n\t\t\t\t\t\t<div style=\"display: none;\" class=\"cf7md-text-html\">\n\t\t\t\t<div class=\"mdc-text-field \">\n\t\t\t\t\t\n\t\t\t\t\t\t\t\t\t\t\t<label class=\"mdc-floating-label\">CP<\/label>\n\t\t\t\t\t\t<div class=\"mdc-line-ripple\"><\/div>\n\t\t\t\t\t\t\t\t\t<\/div>\n\t\t\t<\/div>\n\t\t<\/div>\n\t\t\n<p><span class=\"form_title\">Comentarios<\/span>\n<\/p>\n\t\t\n\t\t<div class=\"cf7md-item cf7md-text mdc-layout-grid__cell mdc-layout-grid__cell--span-12-desktop mdc-layout-grid__cell--span-8-tablet mdc-layout-grid__cell--span-4-phone\">\n\t\t\t<br \/>\n<span class=\"wpcf7-form-control-wrap\" data-name=\"Ajuda\"><input size=\"40\" class=\"wpcf7-form-control wpcf7-text\" aria-invalid=\"false\" value=\"\" type=\"text\" name=\"Ajuda\" \/><\/span><br \/>\n\t\t\t\t\t\t<div style=\"display: none;\" class=\"cf7md-text-html\">\n\t\t\t\t<div class=\"mdc-text-field \">\n\t\t\t\t\t\n\t\t\t\t\t\t\t\t\t\t\t<label class=\"mdc-floating-label\">Ayuda<\/label>\n\t\t\t\t\t\t<div class=\"mdc-line-ripple\"><\/div>\n\t\t\t\t\t\t\t\t\t<\/div>\n\t\t\t<\/div>\n\t\t<\/div>\n\t\t\n\n\t\t<div class=\"cf7md-item cf7md-textarea mdc-layout-grid__cell mdc-layout-grid__cell--span-12-desktop mdc-layout-grid__cell--span-8-tablet mdc-layout-grid__cell--span-4-phone cf7md-textarea-autosize\">\n\t\t\t<br \/>\n<span class=\"wpcf7-form-control-wrap\" data-name=\"comentaris\"><textarea cols=\"40\" rows=\"10\" class=\"wpcf7-form-control wpcf7-textarea wpcf7-validates-as-required\" aria-required=\"true\" aria-invalid=\"false\" name=\"comentaris\"><\/textarea><\/span><br \/>\n\t\t\t\t\t\t<div style=\"display: none;\" class=\"cf7md-text-html\">\n\t\t\t\t<div class=\"mdc-text-field  mdc-text-field--textarea\">\n\t\t\t\t\t\t\t\t\t\t<div class=\"mdc-notched-outline\">\n\t\t\t\t\t\t<div class=\"mdc-notched-outline__leading\"><\/div>\n\t\t\t\t\t\t<div class=\"mdc-notched-outline__notch\">\n\t\t\t\t\t\t\t<label class=\"mdc-floating-label\">comentarios<\/label>\n\t\t\t\t\t\t<\/div>\n\t\t\t\t\t\t<div class=\"mdc-notched-outline__trailing\"><\/div>\n\t\t\t\t\t<\/div>\n\t\t\t\t<\/div>\n\t\t\t<\/div>\n\t\t<\/div>\n\t\t\n\t\t<div class=\"cf7md-item cf7md-accept cf7md-is-wpcf7v5 mdc-layout-grid__cell mdc-layout-grid__cell--span-12-desktop mdc-layout-grid__cell--span-8-tablet mdc-layout-grid__cell--span-4-phone\">\n\t\t\t\t\t\t\t<label class=\"cf7md-label cf7md-label--static\">T\u00e9rminos<\/label>\n\t\t\t\t\t\t<br \/>\n<span class=\"wpcf7-form-control-wrap\" data-name=\"acceptance-878\"><span class=\"wpcf7-form-control wpcf7-acceptance\"><span class=\"wpcf7-list-item\"><input type=\"checkbox\" name=\"acceptance-878\" value=\"1\" aria-invalid=\"false\" \/><\/span><\/span><\/span><br \/>\n\t\t\t<label class=\"cf7md-accept-label\">Acepto la <a href='#'>pol\u00edtica de privacidad<\/a><\/label>\n\t\t\t<div style=\"display: none;\" class=\"cf7md-checkbox-html\">\n\t\t\t\t<div class=\"mdc-checkbox__background\">\n\t\t\t\t\t<svg class=\"mdc-checkbox__checkmark\" viewBox=\"0 0 24 24\">\n\t\t\t\t\t\t<path class=\"mdc-checkbox__checkmark-path\" fill=\"none\" d=\"M1.73,12.91 8.1,19.28 22.79,4.59\"\/>\n\t\t\t\t\t<\/svg>\n\t\t\t\t\t<div class=\"mdc-checkbox__mixedmark\"><\/div>\n\t\t\t\t<\/div>\n\t\t\t<\/div>\n\t\t\t\t\t<\/div>\n\t\t\n\t\t<div class=\"cf7md-item cf7md-submit mdc-layout-grid__cell mdc-layout-grid__cell--span-12-desktop mdc-layout-grid__cell--span-8-tablet mdc-layout-grid__cell--span-4-phone\" data-button-style=\"raised\">\n\t\t\t<br \/>\n<input class=\"wpcf7-form-control wpcf7-submit has-spinner\" type=\"submit\" value=\"Enviar\" \/><br \/>\n\t\t\t<svg class=\"cf7md-spinner\" width=\"25px\" height=\"25px\" viewBox=\"0 0 66 66\" xmlns=\"http:\/\/www.w3.org\/2000\/svg\">\n\t\t\t\t<circle class=\"cf7md-spinner-path\" fill=\"none\" stroke-width=\"6\" stroke-linecap=\"round\" cx=\"33\" cy=\"33\" r=\"30\"><\/circle>\n\t\t\t<\/svg>\n\t\t<\/div>\n\t\t\n\t\t\t\t\t\t\t\t\t<\/div>\n\t\t\t<\/div>\n\t\t<\/div>\n\t\t\n<\/p><div class=\"wpcf7-response-output\" aria-hidden=\"true\"><\/div>\n<\/form>\n<\/div>\n\n<\/div><\/div>\n\n<\/div><\/div>\n\n","protected":false},"excerpt":{"rendered":"<p>Qu\u00e9 hacemos \/ Acogida REFUERZO ESCOLAR Fomentar el acceso a la educaci\u00f3n y a la formaci\u00f3n en igualdad de oportunidades para ni\u00f1os y j\u00f3venes de Andorra. El programa de Refuerzo escolar tiene como objetivo fomentar el acceso a la educaci\u00f3n y a la formaci\u00f3n en igualdad de oportunidades para ni\u00f1os y j\u00f3venes fuera del espacio &hellip;<\/p>\n","protected":false},"author":4,"featured_media":0,"parent":0,"menu_order":11,"comment_status":"closed","ping_status":"closed","template":"templates\/template-builder.php","meta":{"_editorskit_title_hidden":false,"_editorskit_reading_time":1,"_editorskit_is_block_options_detached":false,"_editorskit_block_options_position":"{}","inline_featured_image":false,"footnotes":""},"featured_image_src":null,"featured_image_src_square":null,"_links":{"self":[{"href":"https:\/\/caritas.ad\/es\/wp-json\/wp\/v2\/pages\/3613"}],"collection":[{"href":"https:\/\/caritas.ad\/es\/wp-json\/wp\/v2\/pages"}],"about":[{"href":"https:\/\/caritas.ad\/es\/wp-json\/wp\/v2\/types\/page"}],"author":[{"embeddable":true,"href":"https:\/\/caritas.ad\/es\/wp-json\/wp\/v2\/users\/4"}],"replies":[{"embeddable":true,"href":"https:\/\/caritas.ad\/es\/wp-json\/wp\/v2\/comments?post=3613"}],"version-history":[{"count":3,"href":"https:\/\/caritas.ad\/es\/wp-json\/wp\/v2\/pages\/3613\/revisions"}],"predecessor-version":[{"id":4325,"href":"https:\/\/caritas.ad\/es\/wp-json\/wp\/v2\/pages\/3613\/revisions\/4325"}],"wp:attachment":[{"href":"https:\/\/caritas.ad\/es\/wp-json\/wp\/v2\/media?parent=3613"}],"curies":[{"name":"wp","href":"https:\/\/api.w.org\/{rel}","templated":true}]}}