{"id":866,"date":"2021-09-02T09:37:32","date_gmt":"2021-09-02T09:37:32","guid":{"rendered":"https:\/\/projectes.biz\/caritasandorra\/?page_id=866"},"modified":"2026-03-11T17:18:20","modified_gmt":"2026-03-11T16:18:20","slug":"voluntariado-2","status":"publish","type":"page","link":"https:\/\/caritas.ad\/es\/voluntariado-2\/","title":{"rendered":"Voluntariado"},"content":{"rendered":"<style>.kb-row-layout-id866_eaa0bd-f6 > .kt-row-column-wrap{align-content:start;}:where(.kb-row-layout-id866_eaa0bd-f6 > .kt-row-column-wrap) > .wp-block-kadence-column{justify-content:start;}.kb-row-layout-id866_eaa0bd-f6 > .kt-row-column-wrap{column-gap:var(--global-kb-gap-md, 2rem);row-gap:var(--global-kb-gap-md, 2rem);max-width:1300px;margin-left:auto;margin-right:auto;padding-top:var(--global-kb-spacing-sm, 1.5rem);padding-bottom:var(--global-kb-spacing-sm, 1.5rem);grid-template-columns:minmax(0, 2fr) minmax(0, 1fr);}.kb-row-layout-id866_eaa0bd-f6 > .kt-row-layout-overlay{opacity:0.30;}@media all and (max-width: 1024px){.kb-row-layout-id866_eaa0bd-f6 > .kt-row-column-wrap{grid-template-columns:repeat(2, minmax(0, 1fr));}}@media all and (max-width: 767px){.kb-row-layout-id866_eaa0bd-f6 > .kt-row-column-wrap{grid-template-columns:minmax(0, 1fr);}}<\/style><div class=\"kb-row-layout-wrap kb-row-layout-id866_eaa0bd-f6 alignnone header_inside wp-block-kadence-rowlayout\"><div class=\"kt-row-column-wrap kt-has-2-columns kt-row-layout-left-golden kt-tab-layout-inherit kt-mobile-layout-row kt-row-valign-top\">\n<style>.kadence-column866_8d258f-3b > .kt-inside-inner-col,.kadence-column866_8d258f-3b > .kt-inside-inner-col:before{border-top-left-radius:0px;border-top-right-radius:0px;border-bottom-right-radius:0px;border-bottom-left-radius:0px;}.kadence-column866_8d258f-3b > .kt-inside-inner-col{column-gap:var(--global-kb-gap-sm, 1rem);}.kadence-column866_8d258f-3b > .kt-inside-inner-col{flex-direction:column;}.kadence-column866_8d258f-3b > .kt-inside-inner-col > .aligncenter{width:100%;}.kadence-column866_8d258f-3b > .kt-inside-inner-col:before{opacity:0.3;}.kadence-column866_8d258f-3b{position:relative;}@media all and (max-width: 1024px){.kadence-column866_8d258f-3b > .kt-inside-inner-col{flex-direction:column;}}@media all and (max-width: 767px){.kadence-column866_8d258f-3b > .kt-inside-inner-col{flex-direction:column;}}<\/style>\n<div class=\"wp-block-kadence-column kadence-column866_8d258f-3b inner-column-1 animated fadeInUp slow\"><div class=\"kt-inside-inner-col\">\n<p class=\"page_parent\"><a href=\"https:\/\/caritas.ad\/es\/accion-social\/\" class=\"ek-link\">Qu\u00e9 hacemos<\/a><\/p>\n\n\n\n<h1 class=\"wp-block-heading\">Voluntariado<\/h1>\n\n\n\n<p><strong>El voluntariado es una pieza clave de C\u00e0ritas Andorrana, el alma que permite llegar a todos los lugares del pa\u00eds. Gracias al tiempo y a la dedicaci\u00f3n de los voluntarios de C\u00e0ritas, cada a\u00f1o se pueden implementar programas de apoyo y acompa\u00f1amiento a los m\u00e1s desfavorecidos.<\/strong><\/p>\n\n\n\n<p>Cada a\u00f1o, m\u00e1s de 80 personas voluntarias participan tanto en el voluntariado institucional como en proyectos o campa\u00f1as. Si quieres realizar acciones que tengan un impacto sobre la sociedad andorrana, hazte voluntario de C\u00e0ritas. Ponte en contacto con nosotros.<\/p>\n<\/div><\/div>\n\n\n<style>.kadence-column866_304579-74 > .kt-inside-inner-col,.kadence-column866_304579-74 > .kt-inside-inner-col:before{border-top-left-radius:0px;border-top-right-radius:0px;border-bottom-right-radius:0px;border-bottom-left-radius:0px;}.kadence-column866_304579-74 > .kt-inside-inner-col{column-gap:var(--global-kb-gap-sm, 1rem);}.kadence-column866_304579-74 > .kt-inside-inner-col{flex-direction:column;}.kadence-column866_304579-74 > .kt-inside-inner-col > .aligncenter{width:100%;}.kadence-column866_304579-74 > .kt-inside-inner-col:before{opacity:0.3;}.kadence-column866_304579-74{position:relative;}@media all and (max-width: 1024px){.kadence-column866_304579-74 > .kt-inside-inner-col{flex-direction:column;}}@media all and (max-width: 767px){.kadence-column866_304579-74 > .kt-inside-inner-col{flex-direction:column;}}<\/style>\n<div class=\"wp-block-kadence-column kadence-column866_304579-74 inner-column-2 animated fadeIn slow\"><div class=\"kt-inside-inner-col\"><div class=\"wp-block-image\">\n<figure class=\"alignright size-large\"><img decoding=\"async\" loading=\"lazy\" width=\"1024\" height=\"1024\" src=\"https:\/\/caritas.ad\/wp-content\/uploads\/2026\/03\/AF_CARITAS-COR_Gris-1024x1024.jpg\" alt=\"\" class=\"wp-image-4216\" srcset=\"https:\/\/caritas.ad\/wp-content\/uploads\/2026\/03\/AF_CARITAS-COR_Gris-1024x1024.jpg 1024w, https:\/\/caritas.ad\/wp-content\/uploads\/2026\/03\/AF_CARITAS-COR_Gris-300x300.jpg 300w, https:\/\/caritas.ad\/wp-content\/uploads\/2026\/03\/AF_CARITAS-COR_Gris-150x150.jpg 150w, https:\/\/caritas.ad\/wp-content\/uploads\/2026\/03\/AF_CARITAS-COR_Gris-768x768.jpg 768w, https:\/\/caritas.ad\/wp-content\/uploads\/2026\/03\/AF_CARITAS-COR_Gris-600x600.jpg 600w, https:\/\/caritas.ad\/wp-content\/uploads\/2026\/03\/AF_CARITAS-COR_Gris-1200x1200.jpg 1200w, https:\/\/caritas.ad\/wp-content\/uploads\/2026\/03\/AF_CARITAS-COR_Gris-1400x1400.jpg 1400w, https:\/\/caritas.ad\/wp-content\/uploads\/2026\/03\/AF_CARITAS-COR_Gris-100x100.jpg 100w, https:\/\/caritas.ad\/wp-content\/uploads\/2026\/03\/AF_CARITAS-COR_Gris.jpg 1512w\" sizes=\"(max-width: 1024px) 100vw, 1024px\" \/><\/figure><\/div><\/div><\/div>\n\n<\/div><\/div>\n\n<style>.kb-row-layout-id866_a07cbb-c4 > .kt-row-column-wrap{align-content:center;}:where(.kb-row-layout-id866_a07cbb-c4 > .kt-row-column-wrap) > .wp-block-kadence-column{justify-content:center;}.kb-row-layout-id866_a07cbb-c4 > .kt-row-column-wrap{column-gap:var(--global-kb-gap-md, 2rem);row-gap:var(--global-kb-gap-md, 2rem);max-width:1300px;margin-left:auto;margin-right:auto;padding-top:var(--global-kb-spacing-sm, 1.5rem);padding-bottom:var(--global-kb-spacing-sm, 1.5rem);grid-template-columns:minmax(0, 1fr);}.kb-row-layout-id866_a07cbb-c4 > .kt-row-layout-overlay{opacity:0.30;}@media all and (max-width: 1024px){.kb-row-layout-id866_a07cbb-c4 > .kt-row-column-wrap{grid-template-columns:minmax(0, 1fr);}}@media all and (max-width: 767px){.kb-row-layout-id866_a07cbb-c4 > .kt-row-column-wrap{grid-template-columns:minmax(0, 1fr);}}<\/style><div class=\"kb-row-layout-wrap kb-row-layout-id866_a07cbb-c4 alignnone wp-block-kadence-rowlayout\"><div class=\"kt-row-column-wrap kt-has-1-columns kt-row-layout-equal kt-tab-layout-inherit kt-mobile-layout-row kt-row-valign-middle\">\n<style>.kadence-column866_4723bc-e5 > .kt-inside-inner-col,.kadence-column866_4723bc-e5 > .kt-inside-inner-col:before{border-top-left-radius:0px;border-top-right-radius:0px;border-bottom-right-radius:0px;border-bottom-left-radius:0px;}.kadence-column866_4723bc-e5 > .kt-inside-inner-col{column-gap:var(--global-kb-gap-sm, 1rem);}.kadence-column866_4723bc-e5 > .kt-inside-inner-col{flex-direction:column;}.kadence-column866_4723bc-e5 > .kt-inside-inner-col > .aligncenter{width:100%;}.kadence-column866_4723bc-e5 > .kt-inside-inner-col:before{opacity:0.3;}.kadence-column866_4723bc-e5{position:relative;}@media all and (max-width: 1024px){.kadence-column866_4723bc-e5 > .kt-inside-inner-col{flex-direction:column;}}@media all and (max-width: 767px){.kadence-column866_4723bc-e5 > .kt-inside-inner-col{flex-direction:column;}}<\/style>\n<div class=\"wp-block-kadence-column kadence-column866_4723bc-e5 inner-column-1\"><div class=\"kt-inside-inner-col\">\n<div class=\"wp-block-cover alignwide is-light has-custom-content-position is-position-center-right destacat_01 kt-row-valign-middle\"><span aria-hidden=\"true\" class=\"wp-block-cover__background has-background-dim-0 has-background-dim\"><\/span><img decoding=\"async\" class=\"wp-block-cover__image-background wp-image-608\" alt=\"\" src=\"https:\/\/caritas.ad\/wp-content\/uploads\/2021\/06\/trobada_Caritas_catalunya_CARITASBCN.jpg\" data-object-fit=\"cover\"\/><div class=\"wp-block-cover__inner-container is-layout-flow wp-block-cover-is-layout-flow\">\n<p class=\"has-text-align-center has-white-color has-text-color has-large-font-size\"><em>\u201cHacer voluntariado te acerca a una realidad que no sab\u00edas que exist\u00eda. Puedes ampliar tus horizontes mientras ayudas a los dem\u00e1s\u201d<\/em><\/p>\n<\/div><\/div>\n<\/div><\/div>\n\n<\/div><\/div>\n\n<style>.kb-row-layout-id866_c9cde0-58 > .kt-row-column-wrap{align-content:center;}:where(.kb-row-layout-id866_c9cde0-58 > .kt-row-column-wrap) > .wp-block-kadence-column{justify-content:center;}.kb-row-layout-id866_c9cde0-58 > .kt-row-column-wrap{column-gap:var(--global-kb-gap-md, 2rem);row-gap:var(--global-kb-gap-md, 2rem);padding-top:var(--global-kb-spacing-sm, 1.5rem);padding-bottom:var(--global-kb-spacing-sm, 1.5rem);grid-template-columns:minmax(0, calc(30% - ((var(--global-kb-gap-md, 2rem) * 1 )\/2))) minmax(0, calc(70% - ((var(--global-kb-gap-md, 2rem) * 1 )\/2)));}.kb-row-layout-id866_c9cde0-58 > .kt-row-layout-overlay{opacity:0.30;}@media all and (max-width: 1024px){.kb-row-layout-id866_c9cde0-58 > .kt-row-column-wrap{grid-template-columns:repeat(2, minmax(0, 1fr));}}@media all and (max-width: 767px){.kb-row-layout-id866_c9cde0-58 > .kt-row-column-wrap{grid-template-columns:minmax(0, 1fr);}}<\/style><div class=\"kb-row-layout-wrap kb-row-layout-id866_c9cde0-58 alignnone wp-block-kadence-rowlayout\"><div class=\"kt-row-column-wrap kt-has-2-columns kt-row-layout-equal kt-tab-layout-inherit kt-mobile-layout-row kt-row-valign-middle\">\n<style>.kadence-column866_a979b8-d0 > .kt-inside-inner-col,.kadence-column866_a979b8-d0 > .kt-inside-inner-col:before{border-top-left-radius:0px;border-top-right-radius:0px;border-bottom-right-radius:0px;border-bottom-left-radius:0px;}.kadence-column866_a979b8-d0 > .kt-inside-inner-col{column-gap:var(--global-kb-gap-sm, 1rem);}.kadence-column866_a979b8-d0 > .kt-inside-inner-col{flex-direction:column;}.kadence-column866_a979b8-d0 > .kt-inside-inner-col > .aligncenter{width:100%;}.kadence-column866_a979b8-d0 > .kt-inside-inner-col:before{opacity:0.3;}.kadence-column866_a979b8-d0{position:relative;}@media all and (max-width: 1024px){.kadence-column866_a979b8-d0 > .kt-inside-inner-col{flex-direction:column;}}@media all and (max-width: 767px){.kadence-column866_a979b8-d0 > .kt-inside-inner-col{flex-direction:column;}}<\/style>\n<div class=\"wp-block-kadence-column kadence-column866_a979b8-d0 inner-column-1\"><div class=\"kt-inside-inner-col\"><div class=\"wp-block-image\">\n<figure class=\"aligncenter size-large\"><img decoding=\"async\" src=\"https:\/\/caritas.ad\/wp-content\/uploads\/2021\/04\/grafico_circular.svg\" alt=\"Comprom\u00eds &gt; Altruisme &gt; Bona fe &gt; Dignitat &gt; Respecte\" class=\"wp-image-421\"\/><\/figure><\/div><\/div><\/div>\n\n\n<style>.kadence-column866_5bd0d2-79 > .kt-inside-inner-col,.kadence-column866_5bd0d2-79 > .kt-inside-inner-col:before{border-top-left-radius:0px;border-top-right-radius:0px;border-bottom-right-radius:0px;border-bottom-left-radius:0px;}.kadence-column866_5bd0d2-79 > .kt-inside-inner-col{column-gap:var(--global-kb-gap-sm, 1rem);}.kadence-column866_5bd0d2-79 > .kt-inside-inner-col{flex-direction:column;}.kadence-column866_5bd0d2-79 > .kt-inside-inner-col > .aligncenter{width:100%;}.kadence-column866_5bd0d2-79 > .kt-inside-inner-col:before{opacity:0.3;}.kadence-column866_5bd0d2-79{position:relative;}@media all and (max-width: 1024px){.kadence-column866_5bd0d2-79 > .kt-inside-inner-col{flex-direction:column;}}@media all and (max-width: 767px){.kadence-column866_5bd0d2-79 > .kt-inside-inner-col{flex-direction:column;}}<\/style>\n<div class=\"wp-block-kadence-column kadence-column866_5bd0d2-79 inner-column-2\"><div class=\"kt-inside-inner-col\">\n<h2 class=\"wp-block-heading\">Voluntariado, experiencia significativa<\/h2>\n\n\n\n<p>Una experiencia de voluntariado es enriquecedora tanto para el beneficiario como para el voluntario. Al ofrecer tiempo, dedicaci\u00f3n y atenci\u00f3n a los dem\u00e1s, el voluntario aprende, comprende y desarrolla nuevas capacidades. Se trata de vivir en primera persona la historia singular de los usuarios de la entidad y acercarse a las problem\u00e1ticas sociales y econ\u00f3micas.<\/p>\n\n\n\n<p>El voluntariado aporta una nueva visi\u00f3n enriquecedora y global que no deja indiferente.<\/p>\n<\/div><\/div>\n\n<\/div><\/div>\n\n<style>.kb-row-layout-id866_a45879-e6 > .kt-row-column-wrap{align-content:start;}:where(.kb-row-layout-id866_a45879-e6 > .kt-row-column-wrap) > .wp-block-kadence-column{justify-content:start;}.kb-row-layout-id866_a45879-e6 > .kt-row-column-wrap{column-gap:var(--global-kb-gap-md, 2rem);row-gap:var(--global-kb-gap-md, 2rem);max-width:70%;margin-left:auto;margin-right:auto;padding-top:var(--global-kb-spacing-sm, 1.5rem);padding-bottom:var(--global-kb-spacing-sm, 1.5rem);grid-template-columns:repeat(2, minmax(0, 1fr));}.kb-row-layout-id866_a45879-e6 > .kt-row-layout-overlay{opacity:0.30;}@media all and (max-width: 1024px){.kb-row-layout-id866_a45879-e6 > .kt-row-column-wrap{grid-template-columns:repeat(2, minmax(0, 1fr));}}@media all and (max-width: 767px){.kb-row-layout-id866_a45879-e6 > .kt-row-column-wrap{grid-template-columns:minmax(0, 1fr);}}<\/style><div class=\"kb-row-layout-wrap kb-row-layout-id866_a45879-e6 alignnone wp-block-kadence-rowlayout\"><div class=\"kt-row-column-wrap kt-has-2-columns kt-row-layout-equal kt-tab-layout-inherit kt-mobile-layout-row kt-row-valign-top\">\n<style>.kadence-column866_5973fd-95 > .kt-inside-inner-col,.kadence-column866_5973fd-95 > .kt-inside-inner-col:before{border-top-left-radius:0px;border-top-right-radius:0px;border-bottom-right-radius:0px;border-bottom-left-radius:0px;}.kadence-column866_5973fd-95 > .kt-inside-inner-col{column-gap:var(--global-kb-gap-sm, 1rem);}.kadence-column866_5973fd-95 > .kt-inside-inner-col{flex-direction:column;}.kadence-column866_5973fd-95 > .kt-inside-inner-col > .aligncenter{width:100%;}.kadence-column866_5973fd-95 > .kt-inside-inner-col:before{opacity:0.3;}.kadence-column866_5973fd-95{position:relative;}@media all and (max-width: 1024px){.kadence-column866_5973fd-95 > .kt-inside-inner-col{flex-direction:column;}}@media all and (max-width: 767px){.kadence-column866_5973fd-95 > .kt-inside-inner-col{flex-direction:column;}}<\/style>\n<div class=\"wp-block-kadence-column kadence-column866_5973fd-95 inner-column-1\"><div class=\"kt-inside-inner-col\">\n<h2 class=\"wp-block-heading\">Testimonios de voluntariado en C\u00e0ritas Andorrana:<\/h2>\n\n\n<style>.kt-blocks-testimonials-wrap866_8c88fa-4d .kt-svg-testimonial-global-icon{font-size:30px;}.kt-blocks-testimonials-wrap866_8c88fa-4d .kt-testimonial-rating-wrap .kb-svg-icon-wrap{color:#ffd700;font-size:16px;}.kt-blocks-testimonials-wrap866_8c88fa-4d .kt-testimonial-grid-wrap{gap:30px;}.kt-blocks-testimonials-wrap866_8c88fa-4d .kt-blocks-testimonials-inner-wrap .kt-blocks-carousel-init:not(.splide-initialized):not(.tns-slider) .kb-slide-item{display:none;}.kt-blocks-testimonials-wrap866_8c88fa-4d .kt-blocks-testimonials-inner-wrap .kt-blocks-carousel-init:not(.splide-initialized):not(.tns-slider) .kb-slide-item:nth-child(-n+1){padding-left:30px;display:block;float:left;width:calc(100% \/ 1);}.kt-blocks-testimonials-wrap866_8c88fa-4d .kt-blocks-testimonials-inner-wrap .kt-blocks-carousel-init:not(.splide-initialized):not(.tns-slider){margin-left:-30px;}.kt-blocks-testimonials-wrap866_8c88fa-4d .kt-testimonial-item-wrap{padding-top:20px;padding-right:20px;padding-bottom:20px;padding-left:20px;}.kt-blocks-testimonials-wrap866_8c88fa-4d .kt-testimonial-content{color:#333333;}.kt-blocks-testimonials-wrap866_8c88fa-4d .kt-testimonial-name{color:#333333;}.kt-blocks-testimonials-wrap866_8c88fa-4d .kt-testimonial-occupation{color:#555555;font-size:15px;}.kt-blocks-testimonials-wrap866_8c88fa-4d .kt-testimonial-item-wrap{max-width:500px;}@media all and (max-width: 1024px){.kt-blocks-testimonials-wrap866_8c88fa-4d .kt-blocks-testimonials-inner-wrap .kt-blocks-carousel-init:not(.splide-initialized):not(.tns-slider) .kb-slide-item{display:none;}}@media all and (max-width: 1024px){.kt-blocks-testimonials-wrap866_8c88fa-4d .kt-blocks-testimonials-inner-wrap .kt-blocks-carousel-init:not(.splide-initialized):not(.tns-slider) .kb-slide-item:nth-child(-n+1){padding-left:30px;display:block;float:left;width:calc(100% \/ 1);}}@media all and (max-width: 1024px){.kt-blocks-testimonials-wrap866_8c88fa-4d .kt-blocks-testimonials-inner-wrap .kt-blocks-carousel-init:not(.splide-initialized):not(.tns-slider){margin-left:-30px;}}@media all and (max-width: 767px){.kt-blocks-testimonials-wrap866_8c88fa-4d .kt-blocks-carousel .kt-blocks-testimonial-carousel-item{padding-top:px;padding-bottom:px;margin-top:px;margin-bottom:px;}.kt-blocks-testimonials-wrap866_8c88fa-4d .kt-blocks-testimonials-inner-wrap .kt-blocks-carousel-init:not(.splide-initialized):not(.tns-slider) .kb-slide-item{display:none;}.kt-blocks-testimonials-wrap866_8c88fa-4d .kt-blocks-testimonials-inner-wrap .kt-blocks-carousel-init:not(.splide-initialized):not(.tns-slider) .kb-slide-item:nth-child(-n+1){display:block;float:left;width:calc(100% \/ 1);padding-left:30px;}.kt-blocks-testimonials-wrap866_8c88fa-4d .kt-blocks-testimonials-inner-wrap .kt-blocks-carousel-init:not(.splide-initialized):not(.tns-slider){margin-left:-30px;}}<\/style><div class=\"kt-blocks-testimonials-wrap866_8c88fa-4d kt-testimonial-halign-center kt-testimonial-style-basic kt-testimonials-media-off kt-testimonials-icon-off kt-testimonial-columns-1 kt-t-xxl-col-1 kt-t-xl-col-1 kt-t-lg-col-1 kt-t-md-col-1 kt-t-sm-col-1 kt-t-xs-col-1 wp-block-kadence-testimonials\"><div class=\"kt-blocks-testimonials-inner-wrap kt-blocks-carousel kt-carousel-container-dotstyle-dark kt-carousel-container-arrowstyle-none\"><div class=\"kt-blocks-carousel-init kb-gallery-carousel kt-carousel-arrowstyle-none kt-carousel-dotstyle-dark\" data-columns-xxl=\"1\" data-columns-xl=\"1\" data-columns-md=\"1\" data-columns-sm=\"1\" data-columns-xs=\"1\" data-columns-ss=\"1\" data-slider-anim-speed=\"400\" data-slider-scroll=\"1\" data-slider-type=\"loop\" data-slider-arrows=\"false\" data-slider-dots=\"true\" data-slider-hover-pause=\"false\" data-slider-auto=\"1\" data-slider-speed=\"4130\" data-slider-gap=\"30px\" data-slider-gap-tablet=\"30px\" data-slider-gap-mobile=\"30px\">\n<div class=\"kt-blocks-testimonial-carousel-item kb-slide-item\"><div class=\"kt-testimonial-item-wrap kt-testimonial-item-866_3fb578-d6 wp-block-kadence-testimonial\"><div class=\"kt-testimonial-text-wrap\"><div class=\"kt-testimonial-content-wrap\"><div class=\"kt-testimonial-content\">\u201cLa solidaridad se vive d\u00eda a d\u00eda\u201d<\/div><\/div><\/div><\/div><\/div>\n\n<div class=\"kt-blocks-testimonial-carousel-item kb-slide-item\"><div class=\"kt-testimonial-item-wrap kt-testimonial-item-866_a8ad3f-94 wp-block-kadence-testimonial\"><div class=\"kt-testimonial-text-wrap\"><div class=\"kt-testimonial-content-wrap\"><div class=\"kt-testimonial-content\">\u201cAyudar a los dem\u00e1s es enriquecedor y te hace mejor persona\u201d<\/div><\/div><\/div><\/div><\/div>\n\n<div class=\"kt-blocks-testimonial-carousel-item kb-slide-item\"><div class=\"kt-testimonial-item-wrap kt-testimonial-item-866_aea69a-26 wp-block-kadence-testimonial\"><div class=\"kt-testimonial-text-wrap\"><div class=\"kt-testimonial-content-wrap\"><div class=\"kt-testimonial-content\">\u201cAprendes que tambi\u00e9n te puede pasar a ti y te gustar\u00eda tener a alguien a tu lado\u201d<\/div><\/div><\/div><\/div><\/div>\n\n<div class=\"kt-blocks-testimonial-carousel-item kb-slide-item\"><div class=\"kt-testimonial-item-wrap kt-testimonial-item-866_42731f-f5 wp-block-kadence-testimonial\"><div class=\"kt-testimonial-text-wrap\"><div class=\"kt-testimonial-content-wrap\"><div class=\"kt-testimonial-content\">\u201cMe siento m\u00e1s comprometido con la sociedad y m\u00e1s implicado en proyectos sociales\u201d<\/div><\/div><\/div><\/div><\/div>\n<\/div><\/div><\/div><\/div><\/div>\n\n\n<style>.kadence-column866_d2f707-94 > .kt-inside-inner-col,.kadence-column866_d2f707-94 > .kt-inside-inner-col:before{border-top-left-radius:0px;border-top-right-radius:0px;border-bottom-right-radius:0px;border-bottom-left-radius:0px;}.kadence-column866_d2f707-94 > .kt-inside-inner-col{column-gap:var(--global-kb-gap-sm, 1rem);}.kadence-column866_d2f707-94 > .kt-inside-inner-col{flex-direction:column;}.kadence-column866_d2f707-94 > .kt-inside-inner-col > .aligncenter{width:100%;}.kadence-column866_d2f707-94 > .kt-inside-inner-col:before{opacity:0.3;}.kadence-column866_d2f707-94{position:relative;}@media all and (max-width: 1024px){.kadence-column866_d2f707-94 > .kt-inside-inner-col{flex-direction:column;}}@media all and (max-width: 767px){.kadence-column866_d2f707-94 > .kt-inside-inner-col{flex-direction:column;}}<\/style>\n<div class=\"wp-block-kadence-column kadence-column866_d2f707-94 inner-column-2\"><div class=\"kt-inside-inner-col\">\n<figure class=\"wp-block-image size-large\"><img decoding=\"async\" loading=\"lazy\" width=\"522\" height=\"520\" src=\"https:\/\/caritas.ad\/wp-content\/uploads\/2021\/04\/img_voluntariat.jpg\" alt=\"\" class=\"wp-image-434\" srcset=\"https:\/\/caritas.ad\/wp-content\/uploads\/2021\/04\/img_voluntariat.jpg 522w, https:\/\/caritas.ad\/wp-content\/uploads\/2021\/04\/img_voluntariat-300x299.jpg 300w, https:\/\/caritas.ad\/wp-content\/uploads\/2021\/04\/img_voluntariat-100x100.jpg 100w, https:\/\/caritas.ad\/wp-content\/uploads\/2021\/04\/img_voluntariat-150x150.jpg 150w\" sizes=\"(max-width: 522px) 100vw, 522px\" \/><\/figure>\n<\/div><\/div>\n\n<\/div><\/div>","protected":false},"excerpt":{"rendered":"<p>Qu\u00e9 hacemos Voluntariado El voluntariado es una pieza clave de C\u00e0ritas Andorrana, el alma que permite llegar a todos los lugares del pa\u00eds. Gracias al tiempo y a la dedicaci\u00f3n de los voluntarios de C\u00e0ritas, cada a\u00f1o se pueden implementar programas de apoyo y acompa\u00f1amiento a los m\u00e1s desfavorecidos. Cada a\u00f1o, m\u00e1s de 80 personas &hellip;<\/p>\n","protected":false},"author":1,"featured_media":0,"parent":0,"menu_order":20,"comment_status":"closed","ping_status":"closed","template":"templates\/template-builder.php","meta":{"_editorskit_title_hidden":false,"_editorskit_reading_time":0,"_editorskit_is_block_options_detached":false,"_editorskit_block_options_position":"{}","inline_featured_image":false,"footnotes":""},"featured_image_src":null,"featured_image_src_square":null,"_links":{"self":[{"href":"https:\/\/caritas.ad\/es\/wp-json\/wp\/v2\/pages\/866"}],"collection":[{"href":"https:\/\/caritas.ad\/es\/wp-json\/wp\/v2\/pages"}],"about":[{"href":"https:\/\/caritas.ad\/es\/wp-json\/wp\/v2\/types\/page"}],"author":[{"embeddable":true,"href":"https:\/\/caritas.ad\/es\/wp-json\/wp\/v2\/users\/1"}],"replies":[{"embeddable":true,"href":"https:\/\/caritas.ad\/es\/wp-json\/wp\/v2\/comments?post=866"}],"version-history":[{"count":3,"href":"https:\/\/caritas.ad\/es\/wp-json\/wp\/v2\/pages\/866\/revisions"}],"predecessor-version":[{"id":4348,"href":"https:\/\/caritas.ad\/es\/wp-json\/wp\/v2\/pages\/866\/revisions\/4348"}],"wp:attachment":[{"href":"https:\/\/caritas.ad\/es\/wp-json\/wp\/v2\/media?parent=866"}],"curies":[{"name":"wp","href":"https:\/\/api.w.org\/{rel}","templated":true}]}}