{"id":869,"date":"2021-09-02T10:43:11","date_gmt":"2021-09-02T10:43:11","guid":{"rendered":"https:\/\/projectes.biz\/caritasandorra\/?page_id=869"},"modified":"2026-03-11T17:02:47","modified_gmt":"2026-03-11T16:02:47","slug":"sensibilizacion","status":"publish","type":"page","link":"https:\/\/caritas.ad\/es\/sensibilizacion\/","title":{"rendered":"Sensibilizaci\u00f3n"},"content":{"rendered":"<style>.kb-row-layout-id869_883505-23 > .kt-row-column-wrap{align-content:start;}:where(.kb-row-layout-id869_883505-23 > .kt-row-column-wrap) > .wp-block-kadence-column{justify-content:start;}.kb-row-layout-id869_883505-23 > .kt-row-column-wrap{column-gap:var(--global-kb-gap-md, 2rem);row-gap:var(--global-kb-gap-md, 2rem);max-width:1300px;margin-left:auto;margin-right:auto;padding-top:var(--global-kb-spacing-sm, 1.5rem);padding-bottom:var(--global-kb-spacing-sm, 1.5rem);grid-template-columns:minmax(0, 2fr) minmax(0, 1fr);}.kb-row-layout-id869_883505-23 > .kt-row-layout-overlay{opacity:0.30;}@media all and (max-width: 1024px){.kb-row-layout-id869_883505-23 > .kt-row-column-wrap{grid-template-columns:repeat(2, minmax(0, 1fr));}}@media all and (max-width: 767px){.kb-row-layout-id869_883505-23 > .kt-row-column-wrap{grid-template-columns:minmax(0, 1fr);}}<\/style><div class=\"kb-row-layout-wrap kb-row-layout-id869_883505-23 alignnone header_inside wp-block-kadence-rowlayout\"><div class=\"kt-row-column-wrap kt-has-2-columns kt-row-layout-left-golden kt-tab-layout-inherit kt-mobile-layout-row kt-row-valign-top\">\n<style>.kadence-column869_cbe11f-62 > .kt-inside-inner-col,.kadence-column869_cbe11f-62 > .kt-inside-inner-col:before{border-top-left-radius:0px;border-top-right-radius:0px;border-bottom-right-radius:0px;border-bottom-left-radius:0px;}.kadence-column869_cbe11f-62 > .kt-inside-inner-col{column-gap:var(--global-kb-gap-sm, 1rem);}.kadence-column869_cbe11f-62 > .kt-inside-inner-col{flex-direction:column;}.kadence-column869_cbe11f-62 > .kt-inside-inner-col > .aligncenter{width:100%;}.kadence-column869_cbe11f-62 > .kt-inside-inner-col:before{opacity:0.3;}.kadence-column869_cbe11f-62{position:relative;}@media all and (max-width: 1024px){.kadence-column869_cbe11f-62 > .kt-inside-inner-col{flex-direction:column;}}@media all and (max-width: 767px){.kadence-column869_cbe11f-62 > .kt-inside-inner-col{flex-direction:column;}}<\/style>\n<div class=\"wp-block-kadence-column kadence-column869_cbe11f-62 inner-column-1 animated fadeInUp slow\"><div class=\"kt-inside-inner-col\">\n<p class=\"page_parent\"><a href=\"https:\/\/caritas.ad\/es\/accion-social\/\" class=\"ek-link\">Qu\u00e9 hacemos<\/a><\/p>\n\n\n\n<h1 class=\"wp-block-heading\">Sensibilizaci\u00f3n<\/h1>\n\n\n\n<p><strong>Todos los programas y las campa\u00f1as puntuales est\u00e1n abiertos a nuevas aportaciones y a la ilusi\u00f3n de las personas que quieren estar a nuestro lado.<\/strong><\/p>\n\n\n\n<p>Estas acciones pretenden dar a conocer la realidad social, las situaciones de injusticia y pobreza en nuestro entorno y sensibilizar a los ciudadanos para hacerles part\u00edcipes de las posibilidades de mejora de nuestra sociedad. <\/p>\n\n\n\n<p><\/p>\n<\/div><\/div>\n\n\n<style>.kadence-column869_cf761a-f4 > .kt-inside-inner-col,.kadence-column869_cf761a-f4 > .kt-inside-inner-col:before{border-top-left-radius:0px;border-top-right-radius:0px;border-bottom-right-radius:0px;border-bottom-left-radius:0px;}.kadence-column869_cf761a-f4 > .kt-inside-inner-col{column-gap:var(--global-kb-gap-sm, 1rem);}.kadence-column869_cf761a-f4 > .kt-inside-inner-col{flex-direction:column;}.kadence-column869_cf761a-f4 > .kt-inside-inner-col > .aligncenter{width:100%;}.kadence-column869_cf761a-f4 > .kt-inside-inner-col:before{opacity:0.3;}.kadence-column869_cf761a-f4{position:relative;}@media all and (max-width: 1024px){.kadence-column869_cf761a-f4 > .kt-inside-inner-col{flex-direction:column;}}@media all and (max-width: 767px){.kadence-column869_cf761a-f4 > .kt-inside-inner-col{flex-direction:column;}}<\/style>\n<div class=\"wp-block-kadence-column kadence-column869_cf761a-f4 inner-column-2 animated fadeIn slow\"><div class=\"kt-inside-inner-col\"><div class=\"wp-block-image\">\n<figure class=\"alignright size-large\"><img decoding=\"async\" loading=\"lazy\" width=\"1024\" height=\"1024\" src=\"https:\/\/caritas.ad\/wp-content\/uploads\/2026\/03\/AF_CARITAS-COR_Gris-1024x1024.jpg\" alt=\"\" class=\"wp-image-4216\" srcset=\"https:\/\/caritas.ad\/wp-content\/uploads\/2026\/03\/AF_CARITAS-COR_Gris-1024x1024.jpg 1024w, https:\/\/caritas.ad\/wp-content\/uploads\/2026\/03\/AF_CARITAS-COR_Gris-300x300.jpg 300w, https:\/\/caritas.ad\/wp-content\/uploads\/2026\/03\/AF_CARITAS-COR_Gris-150x150.jpg 150w, https:\/\/caritas.ad\/wp-content\/uploads\/2026\/03\/AF_CARITAS-COR_Gris-768x768.jpg 768w, https:\/\/caritas.ad\/wp-content\/uploads\/2026\/03\/AF_CARITAS-COR_Gris-600x600.jpg 600w, https:\/\/caritas.ad\/wp-content\/uploads\/2026\/03\/AF_CARITAS-COR_Gris-1200x1200.jpg 1200w, https:\/\/caritas.ad\/wp-content\/uploads\/2026\/03\/AF_CARITAS-COR_Gris-1400x1400.jpg 1400w, https:\/\/caritas.ad\/wp-content\/uploads\/2026\/03\/AF_CARITAS-COR_Gris-100x100.jpg 100w, https:\/\/caritas.ad\/wp-content\/uploads\/2026\/03\/AF_CARITAS-COR_Gris.jpg 1512w\" sizes=\"(max-width: 1024px) 100vw, 1024px\" \/><\/figure><\/div><\/div><\/div>\n\n<\/div><\/div>\n\n<style>.kb-row-layout-id869_06068f-2e > .kt-row-column-wrap{align-content:center;}:where(.kb-row-layout-id869_06068f-2e > .kt-row-column-wrap) > .wp-block-kadence-column{justify-content:center;}.kb-row-layout-id869_06068f-2e > .kt-row-column-wrap{column-gap:var(--global-kb-gap-md, 2rem);row-gap:var(--global-kb-gap-md, 2rem);max-width:1300px;margin-left:auto;margin-right:auto;padding-top:var(--global-kb-spacing-sm, 1.5rem);padding-bottom:var(--global-kb-spacing-sm, 1.5rem);grid-template-columns:minmax(0, 1fr);}.kb-row-layout-id869_06068f-2e > .kt-row-layout-overlay{opacity:0.30;}@media all and (max-width: 1024px){.kb-row-layout-id869_06068f-2e > .kt-row-column-wrap{grid-template-columns:minmax(0, 1fr);}}@media all and (max-width: 767px){.kb-row-layout-id869_06068f-2e > .kt-row-column-wrap{grid-template-columns:minmax(0, 1fr);}}<\/style><div class=\"kb-row-layout-wrap kb-row-layout-id869_06068f-2e alignnone wp-block-kadence-rowlayout\"><div class=\"kt-row-column-wrap kt-has-1-columns kt-row-layout-equal kt-tab-layout-inherit kt-mobile-layout-row kt-row-valign-middle\">\n<style>.kadence-column869_bbf6f7-91 > .kt-inside-inner-col,.kadence-column869_bbf6f7-91 > .kt-inside-inner-col:before{border-top-left-radius:0px;border-top-right-radius:0px;border-bottom-right-radius:0px;border-bottom-left-radius:0px;}.kadence-column869_bbf6f7-91 > .kt-inside-inner-col{column-gap:var(--global-kb-gap-sm, 1rem);}.kadence-column869_bbf6f7-91 > .kt-inside-inner-col{flex-direction:column;}.kadence-column869_bbf6f7-91 > .kt-inside-inner-col > .aligncenter{width:100%;}.kadence-column869_bbf6f7-91 > .kt-inside-inner-col:before{opacity:0.3;}.kadence-column869_bbf6f7-91{position:relative;}@media all and (max-width: 1024px){.kadence-column869_bbf6f7-91 > .kt-inside-inner-col{flex-direction:column;}}@media all and (max-width: 767px){.kadence-column869_bbf6f7-91 > .kt-inside-inner-col{flex-direction:column;}}<\/style>\n<div class=\"wp-block-kadence-column kadence-column869_bbf6f7-91 inner-column-1\"><div class=\"kt-inside-inner-col\">\n<div class=\"wp-block-cover alignwide has-custom-content-position is-position-center-right destacat_01 kt-row-valign-middle\"><span aria-hidden=\"true\" class=\"wp-block-cover__background has-background-dim-0 has-background-dim\"><\/span><img decoding=\"async\" class=\"wp-block-cover__image-background wp-image-300\" alt=\"\" src=\"https:\/\/caritas.ad\/wp-content\/uploads\/2021\/03\/bg_banner_04-scaled.jpg\" data-object-fit=\"cover\"\/><div class=\"wp-block-cover__inner-container is-layout-flow wp-block-cover-is-layout-flow\">\n<p class=\"has-text-align-center has-large-font-size\"><em>Es indispensable conocer la realidad que nos rodea para poder actuar de forma altruista y consciente.<\/em><\/p>\n<\/div><\/div>\n<\/div><\/div>\n\n<\/div><\/div>\n\n\n<div style=\"margin-top:1%\" class=\"wp-block-genesis-blocks-gb-container destacat_03 gb-block-container\"><div class=\"gb-container-inside\"><div class=\"gb-container-content\" style=\"max-width:800px\"><\/div><\/div><\/div>\n\n\n\n<div style=\"height:100px\" aria-hidden=\"true\" class=\"wp-block-spacer\"><\/div>\n","protected":false},"excerpt":{"rendered":"<p>Qu\u00e9 hacemos Sensibilizaci\u00f3n Todos los programas y las campa\u00f1as puntuales est\u00e1n abiertos a nuevas aportaciones y a la ilusi\u00f3n de las personas que quieren estar a nuestro lado. Estas acciones pretenden dar a conocer la realidad social, las situaciones de injusticia y pobreza en nuestro entorno y sensibilizar a los ciudadanos para hacerles part\u00edcipes de &hellip;<\/p>\n","protected":false},"author":1,"featured_media":0,"parent":0,"menu_order":16,"comment_status":"closed","ping_status":"closed","template":"templates\/template-builder.php","meta":{"_editorskit_title_hidden":false,"_editorskit_reading_time":1,"_editorskit_is_block_options_detached":false,"_editorskit_block_options_position":"{}","inline_featured_image":false,"footnotes":""},"featured_image_src":null,"featured_image_src_square":null,"_links":{"self":[{"href":"https:\/\/caritas.ad\/es\/wp-json\/wp\/v2\/pages\/869"}],"collection":[{"href":"https:\/\/caritas.ad\/es\/wp-json\/wp\/v2\/pages"}],"about":[{"href":"https:\/\/caritas.ad\/es\/wp-json\/wp\/v2\/types\/page"}],"author":[{"embeddable":true,"href":"https:\/\/caritas.ad\/es\/wp-json\/wp\/v2\/users\/1"}],"replies":[{"embeddable":true,"href":"https:\/\/caritas.ad\/es\/wp-json\/wp\/v2\/comments?post=869"}],"version-history":[{"count":4,"href":"https:\/\/caritas.ad\/es\/wp-json\/wp\/v2\/pages\/869\/revisions"}],"predecessor-version":[{"id":4339,"href":"https:\/\/caritas.ad\/es\/wp-json\/wp\/v2\/pages\/869\/revisions\/4339"}],"wp:attachment":[{"href":"https:\/\/caritas.ad\/es\/wp-json\/wp\/v2\/media?parent=869"}],"curies":[{"name":"wp","href":"https:\/\/api.w.org\/{rel}","templated":true}]}}