{"id":873,"date":"2021-09-02T10:45:12","date_gmt":"2021-09-02T10:45:12","guid":{"rendered":"https:\/\/projectes.biz\/caritasandorra\/?page_id=873"},"modified":"2026-03-11T16:58:34","modified_gmt":"2026-03-11T15:58:34","slug":"cooperacion-internacional","status":"publish","type":"page","link":"https:\/\/caritas.ad\/es\/cooperacion-internacional\/","title":{"rendered":"Cooperaci\u00f3n internacional"},"content":{"rendered":"<style>.kb-row-layout-id873_13d906-b9 > .kt-row-column-wrap{align-content:start;}:where(.kb-row-layout-id873_13d906-b9 > .kt-row-column-wrap) > .wp-block-kadence-column{justify-content:start;}.kb-row-layout-id873_13d906-b9 > .kt-row-column-wrap{column-gap:var(--global-kb-gap-md, 2rem);row-gap:var(--global-kb-gap-md, 2rem);max-width:1300px;margin-left:auto;margin-right:auto;padding-top:var(--global-kb-spacing-sm, 1.5rem);padding-bottom:var(--global-kb-spacing-sm, 1.5rem);grid-template-columns:minmax(0, 2fr) minmax(0, 1fr);}.kb-row-layout-id873_13d906-b9 > .kt-row-layout-overlay{opacity:0.30;}@media all and (max-width: 1024px){.kb-row-layout-id873_13d906-b9 > .kt-row-column-wrap{grid-template-columns:repeat(2, minmax(0, 1fr));}}@media all and (max-width: 767px){.kb-row-layout-id873_13d906-b9 > .kt-row-column-wrap{grid-template-columns:minmax(0, 1fr);}}<\/style><div class=\"kb-row-layout-wrap kb-row-layout-id873_13d906-b9 alignnone header_inside wp-block-kadence-rowlayout\"><div class=\"kt-row-column-wrap kt-has-2-columns kt-row-layout-left-golden kt-tab-layout-inherit kt-mobile-layout-row kt-row-valign-top\">\n<style>.kadence-column873_636e60-c7 > .kt-inside-inner-col,.kadence-column873_636e60-c7 > .kt-inside-inner-col:before{border-top-left-radius:0px;border-top-right-radius:0px;border-bottom-right-radius:0px;border-bottom-left-radius:0px;}.kadence-column873_636e60-c7 > .kt-inside-inner-col{column-gap:var(--global-kb-gap-sm, 1rem);}.kadence-column873_636e60-c7 > .kt-inside-inner-col{flex-direction:column;}.kadence-column873_636e60-c7 > .kt-inside-inner-col > .aligncenter{width:100%;}.kadence-column873_636e60-c7 > .kt-inside-inner-col:before{opacity:0.3;}.kadence-column873_636e60-c7{position:relative;}@media all and (max-width: 1024px){.kadence-column873_636e60-c7 > .kt-inside-inner-col{flex-direction:column;}}@media all and (max-width: 767px){.kadence-column873_636e60-c7 > .kt-inside-inner-col{flex-direction:column;}}<\/style>\n<div class=\"wp-block-kadence-column kadence-column873_636e60-c7 inner-column-1 animated fadeInUp slow\"><div class=\"kt-inside-inner-col\">\n<p class=\"page_parent\"><a href=\"https:\/\/caritas.ad\/es\/accion-social\/\" class=\"ek-link\">Qu\u00e9 hacemos<\/a><\/p>\n\n\n\n<h1 class=\"wp-block-heading\">Cooperaci\u00f3n internacional<\/h1>\n\n\n\n<p><strong>El programa de cooperaci\u00f3n internacional de C\u00e0ritas quiere mejorar la calidad de vida de las personas en pa\u00edses en v\u00edas de desarrollo y que, por alg\u00fan motivo, se encuentran en un estado de vulnerabilidad.<\/strong><\/p>\n\n\n\n<p>As\u00ed, tiene, entre sus objetivos, crear y potenciar sus recursos, mejorar su situaci\u00f3n y, a la vez, sensibilizar a la sociedad andorrana sobre la realidad que se vive en otros lugares del mundo. Por lo tanto, este programa no solo trabaja la empat\u00eda, sino que tambi\u00e9n pretende mitigar el sufrimiento ocasionado por cat\u00e1strofes, conflictos e injusticias en cualquier parte del mundo con donativos concretos.<\/p>\n\n\n\n<p>En los \u00faltimos a\u00f1os, C\u00e0ritas Andorrana ha participado y ha financiado proyectos en Colombia, Angola, Kenia, Bolivia, Hait\u00ed, Malawi y Per\u00fa.<\/p>\n\n\n\n<p><strong>Emergencias: <\/strong>coordinamos los esfuerzos, los recursos y los materiales para llevar a cabo acciones de sensibilizaci\u00f3n y captaci\u00f3n de fondos para ser destinados a las situaciones de emergencias a escala internacional.<\/p>\n\n\n\n<p><\/p>\n<\/div><\/div>\n\n\n<style>.kadence-column873_8ec2bb-fd > .kt-inside-inner-col,.kadence-column873_8ec2bb-fd > .kt-inside-inner-col:before{border-top-left-radius:0px;border-top-right-radius:0px;border-bottom-right-radius:0px;border-bottom-left-radius:0px;}.kadence-column873_8ec2bb-fd > .kt-inside-inner-col{column-gap:var(--global-kb-gap-sm, 1rem);}.kadence-column873_8ec2bb-fd > .kt-inside-inner-col{flex-direction:column;}.kadence-column873_8ec2bb-fd > .kt-inside-inner-col > .aligncenter{width:100%;}.kadence-column873_8ec2bb-fd > .kt-inside-inner-col:before{opacity:0.3;}.kadence-column873_8ec2bb-fd{position:relative;}@media all and (max-width: 1024px){.kadence-column873_8ec2bb-fd > .kt-inside-inner-col{flex-direction:column;}}@media all and (max-width: 767px){.kadence-column873_8ec2bb-fd > .kt-inside-inner-col{flex-direction:column;}}<\/style>\n<div class=\"wp-block-kadence-column kadence-column873_8ec2bb-fd inner-column-2 animated fadeIn slow\"><div class=\"kt-inside-inner-col\"><div class=\"wp-block-image\">\n<figure class=\"alignright size-large\"><img decoding=\"async\" loading=\"lazy\" width=\"1024\" height=\"1024\" src=\"https:\/\/caritas.ad\/wp-content\/uploads\/2026\/03\/AF_CARITAS-COR_Gris-1024x1024.jpg\" alt=\"\" class=\"wp-image-4216\" srcset=\"https:\/\/caritas.ad\/wp-content\/uploads\/2026\/03\/AF_CARITAS-COR_Gris-1024x1024.jpg 1024w, https:\/\/caritas.ad\/wp-content\/uploads\/2026\/03\/AF_CARITAS-COR_Gris-300x300.jpg 300w, https:\/\/caritas.ad\/wp-content\/uploads\/2026\/03\/AF_CARITAS-COR_Gris-150x150.jpg 150w, https:\/\/caritas.ad\/wp-content\/uploads\/2026\/03\/AF_CARITAS-COR_Gris-768x768.jpg 768w, https:\/\/caritas.ad\/wp-content\/uploads\/2026\/03\/AF_CARITAS-COR_Gris-600x600.jpg 600w, https:\/\/caritas.ad\/wp-content\/uploads\/2026\/03\/AF_CARITAS-COR_Gris-1200x1200.jpg 1200w, https:\/\/caritas.ad\/wp-content\/uploads\/2026\/03\/AF_CARITAS-COR_Gris-1400x1400.jpg 1400w, https:\/\/caritas.ad\/wp-content\/uploads\/2026\/03\/AF_CARITAS-COR_Gris-100x100.jpg 100w, https:\/\/caritas.ad\/wp-content\/uploads\/2026\/03\/AF_CARITAS-COR_Gris.jpg 1512w\" sizes=\"(max-width: 1024px) 100vw, 1024px\" \/><\/figure><\/div><\/div><\/div>\n\n<\/div><\/div>\n\n<style>.kb-row-layout-id873_94e292-da > .kt-row-column-wrap{align-content:center;}:where(.kb-row-layout-id873_94e292-da > .kt-row-column-wrap) > .wp-block-kadence-column{justify-content:center;}.kb-row-layout-id873_94e292-da > .kt-row-column-wrap{column-gap:var(--global-kb-gap-md, 2rem);row-gap:var(--global-kb-gap-md, 2rem);max-width:1300px;margin-left:auto;margin-right:auto;padding-top:var(--global-kb-spacing-sm, 1.5rem);padding-bottom:var(--global-kb-spacing-sm, 1.5rem);grid-template-columns:minmax(0, 1fr);}.kb-row-layout-id873_94e292-da > .kt-row-layout-overlay{opacity:0.30;}@media all and (max-width: 1024px){.kb-row-layout-id873_94e292-da > .kt-row-column-wrap{grid-template-columns:minmax(0, 1fr);}}@media all and (max-width: 767px){.kb-row-layout-id873_94e292-da > .kt-row-column-wrap{grid-template-columns:minmax(0, 1fr);}}<\/style><div class=\"kb-row-layout-wrap kb-row-layout-id873_94e292-da alignnone wp-block-kadence-rowlayout\"><div class=\"kt-row-column-wrap kt-has-1-columns kt-row-layout-equal kt-tab-layout-inherit kt-mobile-layout-row kt-row-valign-middle\">\n<style>.kadence-column873_af9587-dd > .kt-inside-inner-col,.kadence-column873_af9587-dd > .kt-inside-inner-col:before{border-top-left-radius:0px;border-top-right-radius:0px;border-bottom-right-radius:0px;border-bottom-left-radius:0px;}.kadence-column873_af9587-dd > .kt-inside-inner-col{column-gap:var(--global-kb-gap-sm, 1rem);}.kadence-column873_af9587-dd > .kt-inside-inner-col{flex-direction:column;}.kadence-column873_af9587-dd > .kt-inside-inner-col > .aligncenter{width:100%;}.kadence-column873_af9587-dd > .kt-inside-inner-col:before{opacity:0.3;}.kadence-column873_af9587-dd{position:relative;}@media all and (max-width: 1024px){.kadence-column873_af9587-dd > .kt-inside-inner-col{flex-direction:column;}}@media all and (max-width: 767px){.kadence-column873_af9587-dd > .kt-inside-inner-col{flex-direction:column;}}<\/style>\n<div class=\"wp-block-kadence-column kadence-column873_af9587-dd inner-column-1\"><div class=\"kt-inside-inner-col\">\n<div class=\"wp-block-cover alignwide is-light has-custom-content-position is-position-center-right destacat_01 kt-row-valign-middle\"><span aria-hidden=\"true\" class=\"wp-block-cover__background has-background-dim-0 has-background-dim\"><\/span><img decoding=\"async\" class=\"wp-block-cover__image-background wp-image-640\" alt=\"\" src=\"https:\/\/caritas.ad\/wp-content\/uploads\/2021\/06\/aaron-blanco-tejedor-yH18lOSaZVQ-unsplash.jpg\" data-object-fit=\"cover\"\/><div class=\"wp-block-cover__inner-container is-layout-flow wp-block-cover-is-layout-flow\">\n<p class=\"has-text-align-center has-white-color has-text-color has-large-font-size\"><em>C\u00e0ritas quiere mejorar la calidad de vida de las personas en pa\u00edses en v\u00edas de desarrollo.<\/em><\/p>\n<\/div><\/div>\n<\/div><\/div>\n\n<\/div><\/div>\n\n\n<div style=\"height:100px\" aria-hidden=\"true\" class=\"wp-block-spacer\"><\/div>\n","protected":false},"excerpt":{"rendered":"<p>Qu\u00e9 hacemos Cooperaci\u00f3n internacional El programa de cooperaci\u00f3n internacional de C\u00e0ritas quiere mejorar la calidad de vida de las personas en pa\u00edses en v\u00edas de desarrollo y que, por alg\u00fan motivo, se encuentran en un estado de vulnerabilidad. As\u00ed, tiene, entre sus objetivos, crear y potenciar sus recursos, mejorar su situaci\u00f3n y, a la vez, &hellip;<\/p>\n","protected":false},"author":1,"featured_media":0,"parent":0,"menu_order":15,"comment_status":"closed","ping_status":"closed","template":"templates\/template-builder.php","meta":{"_editorskit_title_hidden":false,"_editorskit_reading_time":1,"_editorskit_is_block_options_detached":false,"_editorskit_block_options_position":"{}","inline_featured_image":false,"footnotes":""},"featured_image_src":null,"featured_image_src_square":null,"_links":{"self":[{"href":"https:\/\/caritas.ad\/es\/wp-json\/wp\/v2\/pages\/873"}],"collection":[{"href":"https:\/\/caritas.ad\/es\/wp-json\/wp\/v2\/pages"}],"about":[{"href":"https:\/\/caritas.ad\/es\/wp-json\/wp\/v2\/types\/page"}],"author":[{"embeddable":true,"href":"https:\/\/caritas.ad\/es\/wp-json\/wp\/v2\/users\/1"}],"replies":[{"embeddable":true,"href":"https:\/\/caritas.ad\/es\/wp-json\/wp\/v2\/comments?post=873"}],"version-history":[{"count":4,"href":"https:\/\/caritas.ad\/es\/wp-json\/wp\/v2\/pages\/873\/revisions"}],"predecessor-version":[{"id":4337,"href":"https:\/\/caritas.ad\/es\/wp-json\/wp\/v2\/pages\/873\/revisions\/4337"}],"wp:attachment":[{"href":"https:\/\/caritas.ad\/es\/wp-json\/wp\/v2\/media?parent=873"}],"curies":[{"name":"wp","href":"https:\/\/api.w.org\/{rel}","templated":true}]}}