{"id":878,"date":"2021-09-02T10:49:33","date_gmt":"2021-09-02T10:49:33","guid":{"rendered":"https:\/\/projectes.biz\/caritasandorra\/?page_id=878"},"modified":"2026-03-09T16:55:28","modified_gmt":"2026-03-09T15:55:28","slug":"medio-ambiente","status":"publish","type":"page","link":"https:\/\/caritas.ad\/es\/medio-ambiente\/","title":{"rendered":"Medio ambiente"},"content":{"rendered":"<style>.kb-row-layout-id878_369e21-11 > .kt-row-column-wrap{align-content:start;}:where(.kb-row-layout-id878_369e21-11 > .kt-row-column-wrap) > .wp-block-kadence-column{justify-content:start;}.kb-row-layout-id878_369e21-11 > .kt-row-column-wrap{column-gap:var(--global-kb-gap-md, 2rem);row-gap:var(--global-kb-gap-md, 2rem);max-width:1300px;margin-left:auto;margin-right:auto;padding-top:var(--global-kb-spacing-sm, 1.5rem);padding-bottom:var(--global-kb-spacing-sm, 1.5rem);grid-template-columns:minmax(0, 2fr) minmax(0, 1fr);}.kb-row-layout-id878_369e21-11 > .kt-row-layout-overlay{opacity:0.30;}@media all and (max-width: 1024px){.kb-row-layout-id878_369e21-11 > .kt-row-column-wrap{grid-template-columns:repeat(2, minmax(0, 1fr));}}@media all and (max-width: 767px){.kb-row-layout-id878_369e21-11 > .kt-row-column-wrap{grid-template-columns:minmax(0, 1fr);}}<\/style><div class=\"kb-row-layout-wrap kb-row-layout-id878_369e21-11 alignnone header_inside wp-block-kadence-rowlayout\"><div class=\"kt-row-column-wrap kt-has-2-columns kt-row-layout-left-golden kt-tab-layout-inherit kt-mobile-layout-row kt-row-valign-top\">\n<style>.kadence-column878_18e3fc-4c > .kt-inside-inner-col,.kadence-column878_18e3fc-4c > .kt-inside-inner-col:before{border-top-left-radius:0px;border-top-right-radius:0px;border-bottom-right-radius:0px;border-bottom-left-radius:0px;}.kadence-column878_18e3fc-4c > .kt-inside-inner-col{column-gap:var(--global-kb-gap-sm, 1rem);}.kadence-column878_18e3fc-4c > .kt-inside-inner-col{flex-direction:column;}.kadence-column878_18e3fc-4c > .kt-inside-inner-col > .aligncenter{width:100%;}.kadence-column878_18e3fc-4c > .kt-inside-inner-col:before{opacity:0.3;}.kadence-column878_18e3fc-4c{position:relative;}@media all and (max-width: 1024px){.kadence-column878_18e3fc-4c > .kt-inside-inner-col{flex-direction:column;}}@media all and (max-width: 767px){.kadence-column878_18e3fc-4c > .kt-inside-inner-col{flex-direction:column;}}<\/style>\n<div class=\"wp-block-kadence-column kadence-column878_18e3fc-4c inner-column-1 animated fadeInUp slow\"><div class=\"kt-inside-inner-col\">\n<p class=\"page_parent\"><a href=\"https:\/\/caritas.ad\/es\/accion-social\/\" class=\"ek-link\">Qu\u00e9 hacemos<\/a><\/p>\n\n\n\n<h1 class=\"wp-block-heading\">Medio ambiente<\/h1>\n\n\n\n<p><strong>\u00abCuidado de la creaci\u00f3n y atenci\u00f3n al impacto medioambiental\u00bb de acuerdo con el principio n\u00fam. 10 del C\u00f3digo \u00e9tico de Caritas Internationalis, organismo al cual estamos adheridos desde el a\u00f1o 1983.<\/strong><\/p>\n\n\n\n<p class=\"has-medium-font-size\">C\u00e0ritas Andorrana, ha incorporado criterios de sostenibilidad en el proyecto Rober, con el objetivo de contribuir a la mejora de la gesti\u00f3n del medio ambiente. Siguiendo el planteamiento de la econom\u00eda circular, buscamos la transici\u00f3n hacia un modelo que prioriza la eliminaci\u00f3n de los residuos y la  reutilizaci\u00f3n del t\u00e9xtil, aumentando su vida \u00fatil, minimizando as\u00ed el impacto en el medio ambiente.<\/p>\n<\/div><\/div>\n\n\n<style>.kadence-column878_82bbbb-ce > .kt-inside-inner-col,.kadence-column878_82bbbb-ce > .kt-inside-inner-col:before{border-top-left-radius:0px;border-top-right-radius:0px;border-bottom-right-radius:0px;border-bottom-left-radius:0px;}.kadence-column878_82bbbb-ce > .kt-inside-inner-col{column-gap:var(--global-kb-gap-sm, 1rem);}.kadence-column878_82bbbb-ce > .kt-inside-inner-col{flex-direction:column;}.kadence-column878_82bbbb-ce > .kt-inside-inner-col > .aligncenter{width:100%;}.kadence-column878_82bbbb-ce > .kt-inside-inner-col:before{opacity:0.3;}.kadence-column878_82bbbb-ce{position:relative;}@media all and (max-width: 1024px){.kadence-column878_82bbbb-ce > .kt-inside-inner-col{flex-direction:column;}}@media all and (max-width: 767px){.kadence-column878_82bbbb-ce > .kt-inside-inner-col{flex-direction:column;}}<\/style>\n<div class=\"wp-block-kadence-column kadence-column878_82bbbb-ce inner-column-2 animated fadeIn slow\"><div class=\"kt-inside-inner-col\"><div class=\"wp-block-image\">\n<figure class=\"alignright size-large\"><img decoding=\"async\" loading=\"lazy\" width=\"1024\" height=\"1024\" src=\"https:\/\/caritas.ad\/wp-content\/uploads\/2026\/03\/AF_CARITAS-COR_Gris-1024x1024.jpg\" alt=\"\" class=\"wp-image-4216\" srcset=\"https:\/\/caritas.ad\/wp-content\/uploads\/2026\/03\/AF_CARITAS-COR_Gris-1024x1024.jpg 1024w, https:\/\/caritas.ad\/wp-content\/uploads\/2026\/03\/AF_CARITAS-COR_Gris-300x300.jpg 300w, https:\/\/caritas.ad\/wp-content\/uploads\/2026\/03\/AF_CARITAS-COR_Gris-150x150.jpg 150w, https:\/\/caritas.ad\/wp-content\/uploads\/2026\/03\/AF_CARITAS-COR_Gris-768x768.jpg 768w, https:\/\/caritas.ad\/wp-content\/uploads\/2026\/03\/AF_CARITAS-COR_Gris-600x600.jpg 600w, https:\/\/caritas.ad\/wp-content\/uploads\/2026\/03\/AF_CARITAS-COR_Gris-1200x1200.jpg 1200w, https:\/\/caritas.ad\/wp-content\/uploads\/2026\/03\/AF_CARITAS-COR_Gris-1400x1400.jpg 1400w, https:\/\/caritas.ad\/wp-content\/uploads\/2026\/03\/AF_CARITAS-COR_Gris-100x100.jpg 100w, https:\/\/caritas.ad\/wp-content\/uploads\/2026\/03\/AF_CARITAS-COR_Gris.jpg 1512w\" sizes=\"(max-width: 1024px) 100vw, 1024px\" \/><\/figure><\/div><\/div><\/div>\n\n<\/div><\/div>\n\n<style>.kb-row-layout-id878_11e63a-c5 > .kt-row-column-wrap{align-content:center;}:where(.kb-row-layout-id878_11e63a-c5 > .kt-row-column-wrap) > .wp-block-kadence-column{justify-content:center;}.kb-row-layout-id878_11e63a-c5 > .kt-row-column-wrap{column-gap:var(--global-kb-gap-md, 2rem);row-gap:var(--global-kb-gap-md, 2rem);max-width:1300px;margin-left:auto;margin-right:auto;padding-top:var(--global-kb-spacing-sm, 1.5rem);padding-bottom:var(--global-kb-spacing-sm, 1.5rem);grid-template-columns:minmax(0, 1fr);}.kb-row-layout-id878_11e63a-c5 > .kt-row-layout-overlay{opacity:0.30;}@media all and (max-width: 1024px){.kb-row-layout-id878_11e63a-c5 > .kt-row-column-wrap{grid-template-columns:minmax(0, 1fr);}}@media all and (max-width: 767px){.kb-row-layout-id878_11e63a-c5 > .kt-row-column-wrap{grid-template-columns:minmax(0, 1fr);}}<\/style><div class=\"kb-row-layout-wrap kb-row-layout-id878_11e63a-c5 alignnone wp-block-kadence-rowlayout\"><div class=\"kt-row-column-wrap kt-has-1-columns kt-row-layout-equal kt-tab-layout-inherit kt-mobile-layout-row kt-row-valign-middle\">\n<style>.kadence-column878_210a6a-22 > .kt-inside-inner-col,.kadence-column878_210a6a-22 > .kt-inside-inner-col:before{border-top-left-radius:0px;border-top-right-radius:0px;border-bottom-right-radius:0px;border-bottom-left-radius:0px;}.kadence-column878_210a6a-22 > .kt-inside-inner-col{column-gap:var(--global-kb-gap-sm, 1rem);}.kadence-column878_210a6a-22 > .kt-inside-inner-col{flex-direction:column;}.kadence-column878_210a6a-22 > .kt-inside-inner-col > .aligncenter{width:100%;}.kadence-column878_210a6a-22 > .kt-inside-inner-col:before{opacity:0.3;}.kadence-column878_210a6a-22{position:relative;}@media all and (max-width: 1024px){.kadence-column878_210a6a-22 > .kt-inside-inner-col{flex-direction:column;}}@media all and (max-width: 767px){.kadence-column878_210a6a-22 > .kt-inside-inner-col{flex-direction:column;}}<\/style>\n<div class=\"wp-block-kadence-column kadence-column878_210a6a-22 inner-column-1\"><div class=\"kt-inside-inner-col\">\n<p class=\"has-text-align-center has-medium-font-size\"><strong>PUNTOS DE RECOGIDA SELECTIVA DE ROPA<\/strong><\/p>\n\n\n\n<p class=\"has-medium-font-size\">C\u00e0ritas Andorrana gestiona diferentes contenedores de recogida selectiva de ropa en Andorra. Una vez seleccionada se destina a la donaci\u00f3n para personas i\/o familias en situaci\u00f3n de precariedad, a la comercializaci\u00f3n en la tienda de segunda mano \u00abDe m\u00e0 a m\u00e0\u00bb o bine la la valorizaci\u00f3n energ\u00e9tica. Los excedentes se exportan para su reutilizaci\u00f3n gracias a un convenio con Nou Grapats.<\/p>\n\n\n<style>.kb-row-layout-id878_2fcf67-1c > .kt-row-column-wrap{align-content:start;}:where(.kb-row-layout-id878_2fcf67-1c > .kt-row-column-wrap) > .wp-block-kadence-column{justify-content:start;}.kb-row-layout-id878_2fcf67-1c > .kt-row-column-wrap{column-gap:var(--global-kb-gap-md, 2rem);row-gap:var(--global-kb-gap-md, 2rem);padding-top:var(--global-kb-spacing-sm, 1.5rem);padding-bottom:var(--global-kb-spacing-sm, 1.5rem);grid-template-columns:repeat(2, minmax(0, 1fr));}.kb-row-layout-id878_2fcf67-1c > .kt-row-layout-overlay{opacity:0.30;}@media all and (max-width: 1024px){.kb-row-layout-id878_2fcf67-1c > .kt-row-column-wrap{grid-template-columns:repeat(2, minmax(0, 1fr));}}@media all and (max-width: 767px){.kb-row-layout-id878_2fcf67-1c > .kt-row-column-wrap{grid-template-columns:minmax(0, 1fr);}}<\/style><div class=\"kb-row-layout-wrap kb-row-layout-id878_2fcf67-1c alignnone wp-block-kadence-rowlayout\"><div class=\"kt-row-column-wrap kt-has-2-columns kt-row-layout-equal kt-tab-layout-inherit kt-mobile-layout-row kt-row-valign-top\">\n<style>.kadence-column878_655be5-5d > .kt-inside-inner-col,.kadence-column878_655be5-5d > .kt-inside-inner-col:before{border-top-left-radius:0px;border-top-right-radius:0px;border-bottom-right-radius:0px;border-bottom-left-radius:0px;}.kadence-column878_655be5-5d > .kt-inside-inner-col{column-gap:var(--global-kb-gap-sm, 1rem);}.kadence-column878_655be5-5d > .kt-inside-inner-col{flex-direction:column;}.kadence-column878_655be5-5d > .kt-inside-inner-col > .aligncenter{width:100%;}.kadence-column878_655be5-5d > .kt-inside-inner-col:before{opacity:0.3;}.kadence-column878_655be5-5d{position:relative;}@media all and (max-width: 1024px){.kadence-column878_655be5-5d > .kt-inside-inner-col{flex-direction:column;}}@media all and (max-width: 767px){.kadence-column878_655be5-5d > .kt-inside-inner-col{flex-direction:column;}}<\/style>\n<div class=\"wp-block-kadence-column kadence-column878_655be5-5d\"><div class=\"kt-inside-inner-col\">\n<p class=\"has-text-align-center\"><strong>ANDORRA LA VELLA<\/strong><\/p>\n\n\n\n<p class=\"has-text-align-center\">Parking comunal del Fener 2 (entrada de la caja)<\/p>\n\n\n<style>.kb-google-maps-container878_d3cb2e-dd{max-width:468px;height:393px;}<\/style><div class=\"kb-google-maps-container kb-google-maps-container878_d3cb2e-dd  wp-block-kadence-googlemaps\" data-mapid=\"878_d3cb2e-dd\"><iframe width=\"100%\" height=\"100%\"\n\t\t\t\t\t\t\tstyle=\"border:0\" loading=\"lazy\"\n\t\t\t\t\t\t\tsrc=\"https:\/\/www.google.com\/maps\/embed\/v1\/place?key=AIzaSyBAM2o7PiQqwk15LC1XRH2e_KJ-jUa7KYk&#038;zoom=16&#038;maptype=roadmap&#038;q=Carrer+del+Fener%2C+25%2C+AD500+Andorra+la+Vella\"\n\t\t\t\t\t\t\ttitle=\"Mapa de Google de Carrer del Fener, 25, AD500 Andorra la Vella\"><\/iframe><\/div><script>function kb_google_map878_d3cb2e_dd() { let center = { lat: 37.8201, lng: -122.4781}; let map = new google.maps.Map(document.getElementById(\"kb-google-map878_d3cb2e-dd\"), {\n\t\t\t\t\t    zoom: 16,\n\t\t\t\t\t    center: center,});let marker = new google.maps.Marker({   position: { lat: 37.8201, lng: -122.4781},    map: map,  });}<\/script><\/div><\/div>\n\n\n<style>.kadence-column878_bf4b34-9d > .kt-inside-inner-col,.kadence-column878_bf4b34-9d > .kt-inside-inner-col:before{border-top-left-radius:0px;border-top-right-radius:0px;border-bottom-right-radius:0px;border-bottom-left-radius:0px;}.kadence-column878_bf4b34-9d > .kt-inside-inner-col{column-gap:var(--global-kb-gap-sm, 1rem);}.kadence-column878_bf4b34-9d > .kt-inside-inner-col{flex-direction:column;}.kadence-column878_bf4b34-9d > .kt-inside-inner-col > .aligncenter{width:100%;}.kadence-column878_bf4b34-9d > .kt-inside-inner-col:before{opacity:0.3;}.kadence-column878_bf4b34-9d{position:relative;}@media all and (max-width: 1024px){.kadence-column878_bf4b34-9d > .kt-inside-inner-col{flex-direction:column;}}@media all and (max-width: 767px){.kadence-column878_bf4b34-9d > .kt-inside-inner-col{flex-direction:column;}}<\/style>\n<div class=\"wp-block-kadence-column kadence-column878_bf4b34-9d\"><div class=\"kt-inside-inner-col\">\n<p class=\"has-text-align-center\"><strong>SANT JULI\u00c0 DE L\u00d2RIA<\/strong><\/p>\n\n\n\n<p class=\"has-text-align-center\">Calle Dr. Palau 4<\/p>\n\n\n<style>.kb-google-maps-container878_6e0504-01{max-width:468px;height:393px;}<\/style><div class=\"kb-google-maps-container kb-google-maps-container878_6e0504-01  wp-block-kadence-googlemaps\" data-mapid=\"878_6e0504-01\"><iframe width=\"100%\" height=\"100%\"\n\t\t\t\t\t\t\tstyle=\"border:0\" loading=\"lazy\"\n\t\t\t\t\t\t\tsrc=\"https:\/\/www.google.com\/maps\/embed\/v1\/place?key=AIzaSyBAM2o7PiQqwk15LC1XRH2e_KJ-jUa7KYk&#038;zoom=16&#038;maptype=roadmap&#038;q=Carrer+Dr.+Palau%2C+4%2C+AD600+Sant+Juli%C3%A0+de+L%C3%B2ria\"\n\t\t\t\t\t\t\ttitle=\"Mapa de Google de Carrer Dr. Palau, 4, AD600 Sant Juli\u00e0 de L\u00f2ria\"><\/iframe><\/div><script>function kb_google_map878_6e0504_01() { let center = { lat: 37.8201, lng: -122.4781}; let map = new google.maps.Map(document.getElementById(\"kb-google-map878_6e0504-01\"), {\n\t\t\t\t\t    zoom: 16,\n\t\t\t\t\t    center: center,});let marker = new google.maps.Marker({   position: { lat: 37.8201, lng: -122.4781},    map: map,  });}<\/script><\/div><\/div>\n\n<\/div><\/div><\/div><\/div>\n\n\n<style>.kadence-column878_1fff87-8c > .kt-inside-inner-col,.kadence-column878_1fff87-8c > .kt-inside-inner-col:before{border-top-left-radius:0px;border-top-right-radius:0px;border-bottom-right-radius:0px;border-bottom-left-radius:0px;}.kadence-column878_1fff87-8c > .kt-inside-inner-col{column-gap:var(--global-kb-gap-sm, 1rem);}.kadence-column878_1fff87-8c > .kt-inside-inner-col{flex-direction:column;}.kadence-column878_1fff87-8c > .kt-inside-inner-col > .aligncenter{width:100%;}.kadence-column878_1fff87-8c > .kt-inside-inner-col:before{opacity:0.3;}.kadence-column878_1fff87-8c{position:relative;}@media all and (max-width: 1024px){.kadence-column878_1fff87-8c > .kt-inside-inner-col{flex-direction:column;}}@media all and (max-width: 767px){.kadence-column878_1fff87-8c > .kt-inside-inner-col{flex-direction:column;}}<\/style>\n<div class=\"wp-block-kadence-column kadence-column878_1fff87-8c\"><div class=\"kt-inside-inner-col\">\n<div class=\"wp-block-cover is-light gb-block-cta\" style=\"padding-top:2%;min-height:13em\"><span aria-hidden=\"true\" class=\"wp-block-cover__background has-background-dim-100 has-background-dim\" style=\"background-color:#f2f2f2\"><\/span><div class=\"wp-block-cover__inner-container is-layout-flow wp-block-cover-is-layout-flow\">\n<h2 class=\"wp-block-heading has-text-align-center\" style=\"font-size:32px;line-height:1\">CONTENIDORS<\/h2>\n\n\n\n<p class=\"has-text-align-center\" style=\"line-height:1\"><\/p>\n\n\n\n<div class=\"wp-block-buttons is-content-justification-center is-layout-flex wp-container-1 wp-block-buttons-is-layout-flex\"><\/div>\n<\/div><\/div>\n\n\n\n<div class=\"wp-block-cover is-light gb-block-cta\" style=\"padding-top:2%;min-height:13em\"><span aria-hidden=\"true\" class=\"wp-block-cover__background has-background-dim-100 has-background-dim\" style=\"background-color:#f2f2f2\"><\/span><div class=\"wp-block-cover__inner-container is-layout-flow wp-block-cover-is-layout-flow\">\n<h2 class=\"wp-block-heading has-text-align-center\" style=\"font-size:32px;line-height:1\"><\/h2>\n\n\n\n<p class=\"has-text-align-center\" style=\"line-height:1\"><\/p>\n\n\n\n<div class=\"wp-block-buttons is-content-justification-center is-layout-flex wp-container-3 wp-block-buttons-is-layout-flex\">\n<div class=\"wp-block-button has-custom-font-size gb-block-button\" style=\"font-size:20px;line-height:1.2\"><a class=\"wp-block-button__link has-text-color has-background wp-element-button\" style=\"border-radius:5px;color:#ffffff;background-color:#3373dc;padding-top:10px;padding-right:1em;padding-bottom:10px;padding-left:1em\">CONTENIDORS A ANDORRA<\/a><\/div>\n<\/div>\n<\/div><\/div>\n<\/div><\/div>\n\n<\/div><\/div>\n\n\n<div style=\"height:100px\" aria-hidden=\"true\" class=\"wp-block-spacer\"><\/div>\n","protected":false},"excerpt":{"rendered":"<p>Qu\u00e9 hacemos Medio ambiente \u00abCuidado de la creaci\u00f3n y atenci\u00f3n al impacto medioambiental\u00bb de acuerdo con el principio n\u00fam. 10 del C\u00f3digo \u00e9tico de Caritas Internationalis, organismo al cual estamos adheridos desde el a\u00f1o 1983. C\u00e0ritas Andorrana, ha incorporado criterios de sostenibilidad en el proyecto Rober, con el objetivo de contribuir a la mejora de &hellip;<\/p>\n","protected":false},"author":1,"featured_media":0,"parent":0,"menu_order":43,"comment_status":"closed","ping_status":"closed","template":"templates\/template-builder.php","meta":{"_editorskit_title_hidden":false,"_editorskit_reading_time":1,"_editorskit_is_block_options_detached":false,"_editorskit_block_options_position":"{}","inline_featured_image":false,"footnotes":""},"featured_image_src":null,"featured_image_src_square":null,"_links":{"self":[{"href":"https:\/\/caritas.ad\/es\/wp-json\/wp\/v2\/pages\/878"}],"collection":[{"href":"https:\/\/caritas.ad\/es\/wp-json\/wp\/v2\/pages"}],"about":[{"href":"https:\/\/caritas.ad\/es\/wp-json\/wp\/v2\/types\/page"}],"author":[{"embeddable":true,"href":"https:\/\/caritas.ad\/es\/wp-json\/wp\/v2\/users\/1"}],"replies":[{"embeddable":true,"href":"https:\/\/caritas.ad\/es\/wp-json\/wp\/v2\/comments?post=878"}],"version-history":[{"count":4,"href":"https:\/\/caritas.ad\/es\/wp-json\/wp\/v2\/pages\/878\/revisions"}],"predecessor-version":[{"id":4246,"href":"https:\/\/caritas.ad\/es\/wp-json\/wp\/v2\/pages\/878\/revisions\/4246"}],"wp:attachment":[{"href":"https:\/\/caritas.ad\/es\/wp-json\/wp\/v2\/media?parent=878"}],"curies":[{"name":"wp","href":"https:\/\/api.w.org\/{rel}","templated":true}]}}