{"id":925,"date":"2021-09-03T08:28:31","date_gmt":"2021-09-03T06:28:31","guid":{"rendered":"https:\/\/projectes.biz\/caritasandorra\/?page_id=925"},"modified":"2026-03-24T13:17:34","modified_gmt":"2026-03-24T12:17:34","slug":"colabora","status":"publish","type":"page","link":"https:\/\/caritas.ad\/es\/colabora\/","title":{"rendered":"Donaciones"},"content":{"rendered":"\n<p><\/p>\n\n\n<style>.kt-tabs-id925_424b7c-95 > .kt-tabs-content-wrap > .wp-block-kadence-tab{border-top:0px solid #dee2e6;border-right:0px solid #dee2e6;border-bottom:0px solid #dee2e6;border-left:0px solid #dee2e6;border-top-left-radius:0px;border-top-right-radius:0px;border-bottom-right-radius:0px;border-bottom-left-radius:0px;padding-top:8px;padding-right:8px;padding-bottom:8px;padding-left:8px;min-height:10px;background:#ffffff;}.wp-block-kadence-tabs .kt-tabs-id925_424b7c-95 > .kt-tabs-title-list li{margin-top:0px;margin-right:8px;margin-bottom:1px;margin-left:0px;margin-right:0px;margin-left:0px;}.wp-block-kadence-tabs .kt-tabs-id925_424b7c-95 > .kt-tabs-title-list li:last-child{margin-right:0px;}.wp-block-kadence-tabs .kt-tabs-id925_424b7c-95 > .kt-tabs-title-list{margin-right:-5px;}.wp-block-kadence-tabs .kt-tabs-id925_424b7c-95 > .kt-tabs-title-list li .kt-tab-title{margin-right:5px;}.wp-block-kadence-tabs .kt-tabs-id925_424b7c-95 > .kt-tabs-title-list li .kt-tab-title, .wp-block-kadence-tabs .kt-tabs-id925_424b7c-95 > .kt-tabs-content-wrap > .kt-tabs-accordion-title .kt-tab-title{line-height:1.4em;font-weight:bold;font-style:normal;border-top-width:0px;border-right-width:0px;border-bottom-width:3px;border-left-width:0px;border-top-left-radius:0px;border-top-right-radius:0px;border-bottom-right-radius:0px;border-bottom-left-radius:0px;padding-top:20px;padding-right:18px;padding-bottom:20px;padding-left:20px;border-color:#ffffff;color:#444444;background:#e8e6e6;}.wp-block-kadence-tabs .kt-tabs-id925_424b7c-95 > .kt-tabs-content-wrap > .kt-tabs-accordion-title .kt-tab-title{margin-top:0px;margin-right:8px;margin-bottom:1px;margin-left:0px;}.wp-block-kadence-tabs .kt-tabs-id925_424b7c-95 > .kt-tabs-title-list li .kt-tab-title:hover, .wp-block-kadence-tabs .kt-tabs-id925_424b7c-95 > .kt-tabs-content-wrap > .kt-tabs-accordion-title .kt-tab-title:hover{border-color:#ffffff;color:#ffffff;background:#bcbcbc;}.wp-block-kadence-tabs .kt-tabs-id925_424b7c-95 > .kt-tabs-title-list li.kt-tab-title-active .kt-tab-title, .wp-block-kadence-tabs .kt-tabs-id925_424b7c-95 > .kt-tabs-content-wrap > .kt-tabs-accordion-title.kt-tab-title-active .kt-tab-title{border-color:#ffffff;color:#ffffff;background:#cd222d;}.wp-block-kadence-tabs .kt-tabs-id925_424b7c-95{max-width:700px;}@media all and (max-width: 1024px){.kt-tabs-id925_424b7c-95 > .kt-tabs-content-wrap > .wp-block-kadence-tab{border-top:0px solid #dee2e6;border-right:0px solid #dee2e6;border-bottom:0px solid #dee2e6;border-left:0px solid #dee2e6;}}@media all and (max-width: 767px){.kt-tabs-id925_424b7c-95 > .kt-tabs-content-wrap > .wp-block-kadence-tab{border-top:0px solid #dee2e6;border-right:0px solid #dee2e6;border-bottom:0px solid #dee2e6;border-left:0px solid #dee2e6;}}<\/style>\n<div class=\"wp-block-kadence-tabs alignnone box_donar\"><div class=\"kt-tabs-wrap kt-tabs-id925_424b7c-95 kt-tabs-has-4-tabs kt-active-tab-1 kt-tabs-layout-tabs kt-tabs-tablet-layout-inherit kt-tabs-mobile-layout-tabs kt-tab-alignment-center \"><ul class=\"kt-tabs-title-list kb-tabs-list-columns kb-tab-title-columns-4\"><li id=\"tab-30br\" class=\"kt-title-item kt-title-item-1 kt-tabs-svg-show-always kt-tabs-icon-side-right kt-tab-title-active\"><a href=\"#tab-30br\" data-tab=\"1\" class=\"kt-tab-title kt-tab-title-1 \"><span class=\"kt-title-text\">30\u20ac<br><\/span><\/a><\/li><li id=\"tab-50br\" class=\"kt-title-item kt-title-item-2 kt-tabs-svg-show-always kt-tabs-icon-side-right kt-tab-title-inactive\"><a href=\"#tab-50br\" data-tab=\"2\" class=\"kt-tab-title kt-tab-title-2 \"><span class=\"kt-title-text\">50\u20ac<br><\/span><\/a><\/li><li id=\"tab-100br\" class=\"kt-title-item kt-title-item-3 kt-tabs-svg-show-always kt-tabs-icon-side-right kt-tab-title-inactive\"><a href=\"#tab-100br\" data-tab=\"3\" class=\"kt-tab-title kt-tab-title-3 \"><span class=\"kt-title-text\">100\u20ac<br><\/span><\/a><\/li><li id=\"tab-otracantidad\" class=\"kt-title-item kt-title-item-4 kt-tabs-svg-show-always kt-tabs-icon-side-right kt-tab-title-inactive\"><a href=\"#tab-otracantidad\" data-tab=\"4\" class=\"kt-tab-title kt-tab-title-4 \"><span class=\"kt-title-text\">Otra cantidad<\/span><\/a><\/li><\/ul><div class=\"kt-tabs-content-wrap\">\n<div class=\"wp-block-kadence-tab kt-tab-inner-content kt-inner-tab-1 kt-inner-tab_f207c2-15\"><div class=\"kt-tab-inner-content-inner\">\n<h4 class=\"wp-block-heading has-text-align-center title_donatiu\"><\/h4>\n\n\n<div class=\"woocommerce\">\t\t\t<div class=\"single-product\" data-product-page-preselected-id=\"0\">\n\t\t\t\t<div id=\"product-1450\" class=\"post without-featured-image product type-product post-1450 status-publish first instock product_cat-30-e-es sold-individually purchasable product-type-variable\">\n\n\t\n\t<div class=\"summary entry-summary\">\n\t\t\t<\/div>\n\n\t<\/div>\n\n\t\t\t<\/div>\n\t\t\t<\/div>\n<\/div><\/div>\n\n\n\n<div class=\"wp-block-kadence-tab kt-tab-inner-content kt-inner-tab-2 kt-inner-tab_5ccba1-25\"><div class=\"kt-tab-inner-content-inner\"><div class=\"woocommerce\">\t\t\t<div class=\"single-product\" data-product-page-preselected-id=\"0\">\n\t\t\t\t<div id=\"product-1452\" class=\"post without-featured-image product type-product post-1452 status-publish instock product_cat-50-e-es sold-individually purchasable product-type-variable\">\n\n\t\n\t<div class=\"summary entry-summary\">\n\t\t\t<\/div>\n\n\t<\/div>\n\n\t\t\t<\/div>\n\t\t\t<\/div>\n<\/div><\/div>\n\n\n\n<div class=\"wp-block-kadence-tab kt-tab-inner-content kt-inner-tab-3 kt-inner-tab_6d1073-a2\"><div class=\"kt-tab-inner-content-inner\">\n<h4 class=\"wp-block-heading has-text-align-center title_donatiu\"><\/h4>\n\n\n<div class=\"woocommerce\">\t\t\t<div class=\"single-product\" data-product-page-preselected-id=\"0\">\n\t\t\t\t<div id=\"product-1455\" class=\"post without-featured-image product type-product post-1455 status-publish instock product_cat-100-e-es sold-individually purchasable product-type-variable\">\n\n\t\n\t<div class=\"summary entry-summary\">\n\t\t\t<\/div>\n\n\t<\/div>\n\n\t\t\t<\/div>\n\t\t\t<\/div>\n<\/div><\/div>\n\n\n\n<div class=\"wp-block-kadence-tab kt-tab-inner-content kt-inner-tab-4 kt-inner-tab_3af1e7-d9\"><div class=\"kt-tab-inner-content-inner\">\n<div data-idea=\"unaltra\" class=\"price input-icon input-icon-right\">\n  <input id=\"unaltra\" type=\"text\" placeholder=\"Indica aqu\u00ed la cantidad que quieres donar\">\n <\/div>\n\n\n<div class=\"woocommerce\">\t\t\t<div class=\"single-product\" data-product-page-preselected-id=\"0\">\n\t\t\t\t<div id=\"product-1449\" class=\"post without-featured-image product type-product post-1449 status-publish last instock product_cat-variable-es purchasable product-type-variable\">\n\n\t\n\t<div class=\"summary entry-summary\">\n\t\t\t<\/div>\n\n\t<\/div>\n\n\t\t\t<\/div>\n\t\t\t<\/div>\n<\/div><\/div>\n<\/div><\/div><\/div>\n\n\n<style>.kb-row-layout-id925_364610-5a > .kt-row-column-wrap{align-content:center;}:where(.kb-row-layout-id925_364610-5a > .kt-row-column-wrap) > .wp-block-kadence-column{justify-content:center;}.kb-row-layout-id925_364610-5a > .kt-row-column-wrap{column-gap:var(--global-kb-gap-md, 2rem);row-gap:var(--global-kb-gap-md, 2rem);max-width:1300px;margin-left:auto;margin-right:auto;padding-top:var(--global-kb-spacing-sm, 1.5rem);padding-bottom:var(--global-kb-spacing-sm, 1.5rem);min-height:120px;grid-template-columns:minmax(0, 1fr);}.kb-row-layout-id925_364610-5a > .kt-row-layout-overlay{opacity:0.30;}@media all and (max-width: 1024px){.kb-row-layout-id925_364610-5a > .kt-row-column-wrap{grid-template-columns:minmax(0, 1fr);}}@media all and (max-width: 767px){.kb-row-layout-id925_364610-5a > .kt-row-column-wrap{grid-template-columns:minmax(0, 1fr);}}<\/style><div class=\"kb-row-layout-wrap kb-row-layout-id925_364610-5a alignnone has-white-background-color kt-row-has-bg wp-block-kadence-rowlayout\"><div class=\"kt-row-column-wrap kt-has-1-columns kt-row-layout-equal kt-tab-layout-inherit kt-mobile-layout-row kt-row-valign-middle\">\n<style>.kadence-column925_0e4409-a5 > .kt-inside-inner-col,.kadence-column925_0e4409-a5 > .kt-inside-inner-col:before{border-top-left-radius:0px;border-top-right-radius:0px;border-bottom-right-radius:0px;border-bottom-left-radius:0px;}.kadence-column925_0e4409-a5 > .kt-inside-inner-col{column-gap:var(--global-kb-gap-sm, 1rem);}.kadence-column925_0e4409-a5 > .kt-inside-inner-col{flex-direction:column;}.kadence-column925_0e4409-a5 > .kt-inside-inner-col > .aligncenter{width:100%;}.kadence-column925_0e4409-a5 > .kt-inside-inner-col{background-color:#ffffff;}.kadence-column925_0e4409-a5 > .kt-inside-inner-col:before{opacity:0.3;}.kadence-column925_0e4409-a5{position:relative;}@media all and (max-width: 1024px){.kadence-column925_0e4409-a5 > .kt-inside-inner-col{flex-direction:column;}}@media all and (max-width: 767px){.kadence-column925_0e4409-a5 > .kt-inside-inner-col{flex-direction:column;}}<\/style>\n<div class=\"wp-block-kadence-column kadence-column925_0e4409-a5 inner-column-1\"><div class=\"kt-inside-inner-col\">\n<div class=\"wp-block-cover aligncenter is-light gb-block-cta\" style=\"padding-top:2%;min-height:260px\"><span aria-hidden=\"true\" class=\"wp-block-cover__background has-white-background-color has-background-dim-100 has-background-dim\"><\/span><div class=\"wp-block-cover__inner-container is-layout-flow wp-block-cover-is-layout-flow\">\n<h4 class=\"wp-block-heading has-text-align-center has-cyan-bluish-gray-color has-white-background-color has-text-color has-background has-medium-font-size\" style=\"line-height:1\">Puedes hacer tambi\u00e9n tu donaci\u00f3n con Bizum<\/h4>\n\n\n<div class=\"wp-block-image\">\n<figure class=\"aligncenter size-thumbnail\"><img decoding=\"async\" loading=\"lazy\" width=\"150\" height=\"150\" src=\"https:\/\/caritas.ad\/wp-content\/uploads\/2026\/03\/logo-bizum-1-150x150.jpg\" alt=\"\" class=\"wp-image-4366\" srcset=\"https:\/\/caritas.ad\/wp-content\/uploads\/2026\/03\/logo-bizum-1-150x150.jpg 150w, https:\/\/caritas.ad\/wp-content\/uploads\/2026\/03\/logo-bizum-1-300x300.jpg 300w, https:\/\/caritas.ad\/wp-content\/uploads\/2026\/03\/logo-bizum-1-768x768.jpg 768w, https:\/\/caritas.ad\/wp-content\/uploads\/2026\/03\/logo-bizum-1-600x600.jpg 600w, https:\/\/caritas.ad\/wp-content\/uploads\/2026\/03\/logo-bizum-1-100x100.jpg 100w, https:\/\/caritas.ad\/wp-content\/uploads\/2026\/03\/logo-bizum-1.jpg 800w\" sizes=\"(max-width: 150px) 100vw, 150px\" \/><\/figure><\/div>\n\n\n<div class=\"wp-block-buttons is-content-justification-center is-layout-flex wp-container-1 wp-block-buttons-is-layout-flex\">\n<div class=\"wp-block-button has-custom-width wp-block-button__width-25 has-custom-font-size gb-block-button\" style=\"font-size:20px;line-height:1.2\"><a class=\"wp-block-button__link has-vivid-red-background-color has-text-color has-background wp-element-button\" style=\"border-radius:5px;color:#ffffff;padding-top:10px;padding-right:1em;padding-bottom:10px;padding-left:1em\"><strong>07399<\/strong><\/a><\/div>\n<\/div>\n\n\n\n<p class=\"has-text-align-center\" style=\"line-height:1\"><\/p>\n<\/div><\/div>\n<\/div><\/div>\n\n<\/div><\/div>\n\n<style>.kb-row-layout-wrap.wp-block-kadence-rowlayout.kb-row-layout-id925_651b42-c6{margin-bottom:0px;}.kb-row-layout-id925_651b42-c6 > .kt-row-column-wrap{align-content:start;}:where(.kb-row-layout-id925_651b42-c6 > .kt-row-column-wrap) > .wp-block-kadence-column{justify-content:start;}.kb-row-layout-id925_651b42-c6 > .kt-row-column-wrap{column-gap:var(--global-kb-gap-md, 2rem);row-gap:var(--global-kb-gap-md, 2rem);max-width:1300px;margin-left:auto;margin-right:auto;padding-top:25px;padding-bottom:0px;grid-template-columns:minmax(0, 2fr) minmax(0, 1fr);}.kb-row-layout-id925_651b42-c6 > .kt-row-layout-overlay{opacity:0.30;}@media all and (max-width: 1024px){.kb-row-layout-id925_651b42-c6 > .kt-row-column-wrap{grid-template-columns:repeat(2, minmax(0, 1fr));}}@media all and (max-width: 767px){.kb-row-layout-id925_651b42-c6 > .kt-row-column-wrap{grid-template-columns:minmax(0, 1fr);}}<\/style><div class=\"kb-row-layout-wrap kb-row-layout-id925_651b42-c6 alignnone header_inside wp-block-kadence-rowlayout\"><div class=\"kt-row-column-wrap kt-has-2-columns kt-row-layout-left-golden kt-tab-layout-inherit kt-mobile-layout-row kt-row-valign-top\">\n<style>.kadence-column925_1331ef-d9 > .kt-inside-inner-col,.kadence-column925_1331ef-d9 > .kt-inside-inner-col:before{border-top-left-radius:0px;border-top-right-radius:0px;border-bottom-right-radius:0px;border-bottom-left-radius:0px;}.kadence-column925_1331ef-d9 > .kt-inside-inner-col{column-gap:var(--global-kb-gap-sm, 1rem);}.kadence-column925_1331ef-d9 > .kt-inside-inner-col{flex-direction:column;}.kadence-column925_1331ef-d9 > .kt-inside-inner-col > .aligncenter{width:100%;}.kadence-column925_1331ef-d9 > .kt-inside-inner-col:before{opacity:0.3;}.kadence-column925_1331ef-d9{position:relative;}@media all and (max-width: 1024px){.kadence-column925_1331ef-d9 > .kt-inside-inner-col{flex-direction:column;}}@media all and (max-width: 767px){.kadence-column925_1331ef-d9 > .kt-inside-inner-col{flex-direction:column;}}<\/style>\n<div class=\"wp-block-kadence-column kadence-column925_1331ef-d9 inner-column-1 animated fadeInUp slow\"><div class=\"kt-inside-inner-col\">\n<p><\/p>\n\n\n\n<p class=\"page_parent\">Los donativos econ\u00f3micos de C\u00e0ritas Andorrana permiten invertir recursos materiales y humanos en programas de la entidad y destinarlos a las personas m\u00e1s desfavorecidas. Las donaciones abren la puerta a solidarizarnos con las personas en situaci\u00f3n de necesidad y nos permiten ayudarlas a mejorar su situaci\u00f3n. <\/p>\n\n\n\n<p><\/p>\n<\/div><\/div>\n\n\n<style>.kadence-column925_f4c474-95 > .kt-inside-inner-col,.kadence-column925_f4c474-95 > .kt-inside-inner-col:before{border-top-left-radius:0px;border-top-right-radius:0px;border-bottom-right-radius:0px;border-bottom-left-radius:0px;}.kadence-column925_f4c474-95 > .kt-inside-inner-col{column-gap:var(--global-kb-gap-sm, 1rem);}.kadence-column925_f4c474-95 > .kt-inside-inner-col{flex-direction:column;}.kadence-column925_f4c474-95 > .kt-inside-inner-col > .aligncenter{width:100%;}.kadence-column925_f4c474-95 > .kt-inside-inner-col:before{opacity:0.3;}.kadence-column925_f4c474-95{position:relative;}@media all and (max-width: 1024px){.kadence-column925_f4c474-95 > .kt-inside-inner-col{flex-direction:column;}}@media all and (max-width: 767px){.kadence-column925_f4c474-95 > .kt-inside-inner-col{flex-direction:column;}}<\/style>\n<div class=\"wp-block-kadence-column kadence-column925_f4c474-95 inner-column-2 animated fadeIn slow\"><div class=\"kt-inside-inner-col\"><div class=\"wp-block-image\">\n<figure class=\"alignright size-large editorskit-no-mobile\"><img decoding=\"async\" loading=\"lazy\" width=\"1024\" height=\"1024\" src=\"https:\/\/caritas.ad\/wp-content\/uploads\/2026\/03\/AF_CARITAS-COR_Gris-1-1024x1024.jpg\" alt=\"\" class=\"wp-image-4294\" srcset=\"https:\/\/caritas.ad\/wp-content\/uploads\/2026\/03\/AF_CARITAS-COR_Gris-1-1024x1024.jpg 1024w, https:\/\/caritas.ad\/wp-content\/uploads\/2026\/03\/AF_CARITAS-COR_Gris-1-300x300.jpg 300w, https:\/\/caritas.ad\/wp-content\/uploads\/2026\/03\/AF_CARITAS-COR_Gris-1-150x150.jpg 150w, https:\/\/caritas.ad\/wp-content\/uploads\/2026\/03\/AF_CARITAS-COR_Gris-1-768x768.jpg 768w, https:\/\/caritas.ad\/wp-content\/uploads\/2026\/03\/AF_CARITAS-COR_Gris-1-600x600.jpg 600w, https:\/\/caritas.ad\/wp-content\/uploads\/2026\/03\/AF_CARITAS-COR_Gris-1-1200x1200.jpg 1200w, https:\/\/caritas.ad\/wp-content\/uploads\/2026\/03\/AF_CARITAS-COR_Gris-1-1400x1400.jpg 1400w, https:\/\/caritas.ad\/wp-content\/uploads\/2026\/03\/AF_CARITAS-COR_Gris-1-100x100.jpg 100w, https:\/\/caritas.ad\/wp-content\/uploads\/2026\/03\/AF_CARITAS-COR_Gris-1.jpg 1512w\" sizes=\"(max-width: 1024px) 100vw, 1024px\" \/><\/figure><\/div><\/div><\/div>\n\n<\/div><\/div>","protected":false},"excerpt":{"rendered":"<p>Los donativos econ\u00f3micos de C\u00e0ritas Andorrana permiten invertir recursos materiales y humanos en programas de la entidad y destinarlos a las personas m\u00e1s desfavorecidas. Las donaciones abren la puerta a solidarizarnos con las personas en situaci\u00f3n de necesidad y nos permiten ayudarlas a mejorar su situaci\u00f3n.<\/p>\n","protected":false},"author":1,"featured_media":0,"parent":0,"menu_order":21,"comment_status":"closed","ping_status":"closed","template":"templates\/template-builder.php","meta":{"_editorskit_title_hidden":false,"_editorskit_reading_time":1,"_editorskit_is_block_options_detached":false,"_editorskit_block_options_position":"{}","inline_featured_image":false,"footnotes":""},"featured_image_src":null,"featured_image_src_square":null,"_links":{"self":[{"href":"https:\/\/caritas.ad\/es\/wp-json\/wp\/v2\/pages\/925"}],"collection":[{"href":"https:\/\/caritas.ad\/es\/wp-json\/wp\/v2\/pages"}],"about":[{"href":"https:\/\/caritas.ad\/es\/wp-json\/wp\/v2\/types\/page"}],"author":[{"embeddable":true,"href":"https:\/\/caritas.ad\/es\/wp-json\/wp\/v2\/users\/1"}],"replies":[{"embeddable":true,"href":"https:\/\/caritas.ad\/es\/wp-json\/wp\/v2\/comments?post=925"}],"version-history":[{"count":26,"href":"https:\/\/caritas.ad\/es\/wp-json\/wp\/v2\/pages\/925\/revisions"}],"predecessor-version":[{"id":4376,"href":"https:\/\/caritas.ad\/es\/wp-json\/wp\/v2\/pages\/925\/revisions\/4376"}],"wp:attachment":[{"href":"https:\/\/caritas.ad\/es\/wp-json\/wp\/v2\/media?parent=925"}],"curies":[{"name":"wp","href":"https:\/\/api.w.org\/{rel}","templated":true}]}}